{"id":515,"date":"2023-01-20T23:46:22","date_gmt":"2023-01-20T22:46:22","guid":{"rendered":"https:\/\/france-empires.com\/?page_id=515"},"modified":"2023-02-22T15:19:07","modified_gmt":"2023-02-22T14:19:07","slug":"cgv","status":"publish","type":"page","link":"https:\/\/france-empires.com\/index.php\/cgv\/","title":{"rendered":"CGV"},"content":{"rendered":"\t\t<div data-elementor-type=\"wp-page\" data-elementor-id=\"515\" class=\"elementor elementor-515\">\n\t\t\t\t\t\t<section class=\"elementor-section elementor-top-section elementor-element elementor-element-b5890ff elementor-section-content-middle elementor-section-boxed elementor-section-height-default elementor-section-height-default e-parent\" data-id=\"b5890ff\" data-element_type=\"section\">\n\t\t\t\t\t\t<div class=\"elementor-container elementor-column-gap-default\">\n\t\t\t\t\t<div class=\"elementor-column elementor-col-100 elementor-top-column elementor-element elementor-element-827a267 lakit-col-width-auto-no\" data-id=\"827a267\" data-element_type=\"column\">\n\t\t\t<div class=\"elementor-widget-wrap elementor-element-populated\">\n\t\t\t\t\t\t<div class=\"elementor-element elementor-element-7c6cd39 elementor-widget elementor-widget-text-editor\" data-id=\"7c6cd39\" data-element_type=\"widget\" data-widget_type=\"text-editor.default\">\n\t\t\t\t<div class=\"elementor-widget-container\">\n\t\t\t\t\t\t\t\t\t<h1>Nos conditions g\u00e9n\u00e9rales de vente<\/h1><p>Identit\u00e9 de l&rsquo;entreprise : France EMPIRES, Jean-Michel LEFEVRE EI, 2<br \/>avenue Charles De Gaulle, 78230 Le Pecq<\/p><p>RCS:529 380 693<\/p><p>Contacts : contact@france-empires.com | +33 (0) 663440463<\/p><p>Num\u00e9ro d&rsquo;identification \u00e0 la TVA : non applicable<\/p><p>Hebergement : HOSTINGER INTERNATIONAL LTD, 61 Lordou Vironos Street, 6023 Larnaca, Chypre<\/p><h3>Article 1. Objet<\/h3><p>Les pr\u00e9sentes conditions de vente visent \u00e0 d\u00e9finir les relations contractuelles entre FRANCE<br \/>EMPIRES et l\u2019acheteur et les conditions applicables \u00e0 tout achat effectu\u00e9 par le biais du site<br \/>internet WWW.FRANCE-EMPIRES.COM. L\u2019acquisition d\u2019un produit \u00e0 travers le pr\u00e9sent site<br \/>implique une acceptation sans r\u00e9serve par l\u2019acheteur des pr\u00e9sentes conditions de vente dont<br \/>l\u2019acheteur reconna\u00eet avoir pris connaissance pr\u00e9alablement \u00e0 sa commande. Avant toute<br \/>transaction, l\u2019acheteur d\u00e9clare d\u2019une part que l\u2019achat de produits sur le site WWW.FRANCE-<br \/>EMPIRES.COM est sans rapport direct avec son activit\u00e9 professionnelle et est limit\u00e9 \u00e0 une<br \/>utilisation strictement personnelle et d\u2019autre part avoir la pleine capacit\u00e9 juridique, lui permettant<br \/>de s\u2019engager au titre des pr\u00e9sentes conditions g\u00e9n\u00e9rales de ventes.<br \/>FRANCE EMPIRES conserve la possibilit\u00e9 de modifier \u00e0 tout moment ces conditions de ventes,<br \/>afin de respecter toute nouvelle r\u00e9glementation ou dans le but d&rsquo;am\u00e9liorer l\u2019utilisation de son site.<br \/>De ce fait, les conditions applicables seront celles en vigueur \u00e0 la date de la commande par<br \/>l\u2019acheteur.<\/p><h3>Article 2. Produits<\/h3><p>Les produits propos\u00e9s sont ceux qui figurent sur le site WWW.FRANCE-EMPIRES.COM de<br \/>FRANCE EMPIRES, \u00a0dans la limite des stocks disponibles. FRANCE EMPIRES se r\u00e9serve le<br \/>droit de modifier \u00e0 tout moment l\u2019assortiment de produits. Chaque produit est pr\u00e9sent\u00e9 sur le site<br \/>internet sous forme d\u2019un descriptif reprenant ses principales caract\u00e9ristiques (Type d\u2019article,<br \/>Taille\/Echelle, Origine, Date ou P\u00e9riode de fabrication, Condition de l\u2019article et compl\u00e9ments<br \/>d\u2019informations si n\u00e9cessaire). Les photographies sont les plus fid\u00e8les possibles mais n\u2019engagent<br \/>en rien le Vendeur.<\/p><p>\u00a0La vente des produits pr\u00e9sent\u00e9s dans le site WWW.FRANCE-EMPIRES.COM est destin\u00e9e \u00e0 tous les acheteurs r\u00e9sidant dans les pays qui autorisent<br \/>pleinement l\u2019entr\u00e9e sur leur territoire de ces produits.<\/p><h4>Article 3. Tarifs<\/h4><p>Les prix figurant sur les fiches produits du catalogue internet et sont des prix en Euros (\u20ac) toutes<br \/>taxes comprises (TTC). FRANCE EMPIRES se r\u00e9serve le droit de modifier ses prix \u00e0 tout<br \/>moment, \u00e9tant toutefois entendu que le prix figurant au catalogue au moment de la commande<br \/>sera le seul applicable \u00e0 l\u2019acheteur. Les prix indiqu\u00e9s ne comprennent pas les frais de livraison,<br \/>factur\u00e9s en suppl\u00e9ment du prix des produits achet\u00e9s suivant le montant total de la commande.<br \/>En France m\u00e9tropolitaine, ainsi que les autres pays europ\u00e9ens et hors Europe, les frais de<br \/>livraison sont renseign\u00e9s avant validation de toutes commandes et en fonction du mode d\u2019envoi<br \/>choisi par le client.<\/p><h3>Article 4. Commande et modalit\u00e9s de paiement<\/h3><p>Avant toute commande, l\u2019acheteur doit cr\u00e9er un compte sur le site WWW.FRANCE-EMPIRES.COM. La rubrique de cr\u00e9ation de compte est accessible directement apr\u00e8s validation<br \/>du panier (\u00ab\u00a0Passer Commande\u00a0\u00bb) et uniquement lors du passage de sa premi\u00e8re commande. A<br \/>chaque visite, l\u2019acheteur, s\u2019il souhaite commander ou consulter son compte (\u00e9tat des<br \/>commandes, profil\u2026), devra s\u2019identifier \u00e0 l\u2019aide des informations renseign\u00e9es.<br \/>FRANCE EMPIRES propose \u00e0 l\u2019acheteur le choix entre diff\u00e9rents type de frais de port selon les<br \/>modalit\u00e9s ou prestataires utilis\u00e9s par FRANCE EMPIRES. Les tarifs sont automatiquement<br \/>calcul\u00e9s en fonction du poids et du volume du contenu de l\u2019envoi. Les modalit\u00e9s, prestataires et<br \/>tarifs indiqu\u00e9s sont accept\u00e9s par l\u2019acheteur par la poursuite de la proc\u00e9dure de commande<br \/>\u00ab\u00a0Continuer\u00a0\u00bb. La gratuit\u00e9 des frais d\u2019envoi n\u2019est possible uniquement que par retrait en magasin.<br \/>FRANCE EMPIRES propose \u00e0 l\u2019acheteur de commander et r\u00e9gler ses produits en plusieurs<br \/>\u00e9tapes, avec 3 options de paiement au choix :<br \/>&#8211; Paiement par virement bancaire : l\u2019acheteur s\u00e9lectionne les produits qu\u2019il souhaite commander<br \/>dans le \u00ab panier \u00bb, modifie si besoin (quantit\u00e9s, r\u00e9f\u00e9rences\u2026), v\u00e9rifie l\u2019adresse de livraison ou en<br \/>renseigne une nouvelle. Puis, les frais de port sont calcul\u00e9s et soumis \u00e0 l\u2019acheteur, ainsi que le<br \/>nom du transporteur. Ensuite, l\u2019acheteur choisit le mode de paiement de son choix : \u00ab Paiement<br \/>par virement \u00bb. Enfin, la derni\u00e8re \u00e9tape lui propose de v\u00e9rifier l\u2019ensemble des informations,<br \/>prendre connaissance et accepter les pr\u00e9sentes conditions g\u00e9n\u00e9rales de vente en cochant la<br \/>case correspondante, puis l\u2019invite \u00e0 valider sa commande en cliquant sur le bouton \u00ab Confirmer<br \/>ma commande \u00bb. Ce dernier clic forme la conclusion d\u00e9finitive du contrat. D\u00e8s validation,<br \/>l\u2019acheteur re\u00e7oit un bon de commande confirmant l\u2019enregistrement de sa commande. Afin de<br \/>finaliser son paiement et d\u00e9clencher le traitement de sa commande, l\u2019acheteur doit contacter sa<br \/>banque afin d&rsquo;effectuer le virement correspondant au montant de sa commande vers le compte<br \/>bancaire de FRANCE EMPIRES, dont les coordonn\u00e9es sont communiqu\u00e9es \u00e0 l&rsquo;acheteur sur le<br \/>bon de commande. D\u00e8s r\u00e9ception du virement, la commande sera trait\u00e9e et l\u2019acheteur en sera<br \/>inform\u00e9 par e-mail. La soci\u00e9t\u00e9 FRANCE EMPIRES exp\u00e9diera les produits au plus t\u00f4t 2 jours<br \/>ouvr\u00e9s apr\u00e8s r\u00e9ception du virement correspondant \u00e0 la commande, sous r\u00e9serve de provisions.<br \/>&#8211; Paiement s\u00e9curis\u00e9 par carte bancaire: l\u2019acheteur s\u00e9lectionne les produits qu\u2019il souhaite<br \/>commander dans le \u00ab panier \u00bb, modifie si besoin (quantit\u00e9s, r\u00e9f\u00e9rences\u2026), v\u00e9rifie l\u2019adresse de<br \/>livraison ou en renseigne une nouvelle. Puis, les frais de port sont calcul\u00e9s et soumis \u00e0<br \/>l\u2019acheteur, ainsi que le nom du transporteur. Ensuite, l\u2019acheteur choisit le mode de paiement de<br \/>son choix : \u00ab Paiement par Carte Bancaire \u00bb. L\u2019\u00e9tape suivante lui propose de v\u00e9rifier l\u2019ensemble<br \/>des informations, prendre connaissance et accepter les pr\u00e9sentes conditions g\u00e9n\u00e9rales de vente<br \/>en cochant la case correspondante, puis l\u2019invite \u00e0 valider sa commande en cliquant sur le bouton<br \/>\u00ab Confirmer ma commande \u00bb. Enfin, l\u2019acheteur est redirig\u00e9 sur l\u2019interface s\u00e9curis\u00e9e afin de<br \/>renseigner en toute s\u00e9curit\u00e9 ses r\u00e9f\u00e9rences de compte carte bleue personnelle. Si le paiement<\/p><p>est accept\u00e9, la commande est enregistr\u00e9e et le contrat d\u00e9finitivement form\u00e9. Le paiement par<br \/>carte bancaire est irr\u00e9vocable. En cas d\u2019utilisation frauduleuse de celle-ci, l\u2019acheteur pourra<br \/>exiger l\u2019annulation du paiement par carte, les sommes vers\u00e9es seront alors recr\u00e9dit\u00e9es ou<br \/>restitu\u00e9es. La responsabilit\u00e9 du titulaire d\u2019une carte bancaire n\u2019est pas engag\u00e9e si le paiement<br \/>contest\u00e9 a \u00e9t\u00e9 prouv\u00e9 effectu\u00e9 frauduleusement, \u00e0 distance, sans utilisation physique de sa<br \/>carte. Pour obtenir le remboursement du d\u00e9bit frauduleux et des \u00e9ventuels frais bancaires que<br \/>l\u2019op\u00e9ration a pu engendrer, le porteur de la carte doit contester, par \u00e9crit, le pr\u00e9l\u00e8vement aupr\u00e8s<br \/>de sa banque, dans les 70 jours suivant l\u2019op\u00e9ration, voire 120 jours si le contrat le liant \u00e0 celle-ci<br \/>le pr\u00e9voit. Les montants pr\u00e9lev\u00e9s sont rembours\u00e9s par la banque dans un d\u00e9lai maximum d\u2019un<br \/>mois apr\u00e8s r\u00e9ception de la contestation \u00e9crite form\u00e9e par le porteur. Aucun frais de restitution<br \/>des sommes ne pourra \u00eatre mis \u00e0 la charge du titulaire.<br \/>&#8211; Paiement s\u00e9curis\u00e9 par Paypal : l\u2019acheteur s\u00e9lectionne les produits qu\u2019il souhaite commander<br \/>dans le \u00ab panier \u00bb, modifie si besoin (quantit\u00e9s, r\u00e9f\u00e9rences\u2026), v\u00e9rifie l\u2019adresse de livraison ou en<br \/>renseigne une nouvelle. Puis, les frais de port sont calcul\u00e9s et soumis \u00e0 l\u2019acheteur, ainsi que le<br \/>nom du transporteur. Ensuite, l\u2019acheteur choisit le mode de paiement de son choix : \u00ab Paiement<br \/>par Paypal \u00bb. L\u2019\u00e9tape suivante lui propose de v\u00e9rifier l\u2019ensemble des informations, prendre<br \/>connaissance et accepter les pr\u00e9sentes conditions g\u00e9n\u00e9rales de vente en cochant la case<br \/>correspondante, puis l\u2019invite \u00e0 valider sa commande en cliquant sur le bouton \u00ab Confirmer ma<br \/>commande \u00bb. Enfin, l\u2019acheteur est redirig\u00e9 sur l\u2019interface s\u00e9curis\u00e9e PAYPAL afin de renseigner<br \/>en toute s\u00e9curit\u00e9 ses r\u00e9f\u00e9rences de compte Paypal. Si le paiement est accept\u00e9, la commande est<br \/>enregistr\u00e9e et le contrat d\u00e9finitivement form\u00e9. Le paiement par compte Paypal est irr\u00e9vocable.<br \/>En cas d\u2019utilisation frauduleuse de celle-ci, l\u2019acheteur pourra exiger l\u2019annulation du paiement par<br \/>carte, les sommes vers\u00e9es seront alors recr\u00e9dit\u00e9es ou restitu\u00e9es. La responsabilit\u00e9 du titulaire<br \/>d\u2019une carte bancaire n\u2019est pas engag\u00e9e si le paiement contest\u00e9 a \u00e9t\u00e9 prouv\u00e9 effectu\u00e9<br \/>frauduleusement, \u00e0 distance, sans utilisation physique de sa carte. Pour obtenir le<br \/>remboursement du d\u00e9bit frauduleux et des \u00e9ventuels frais bancaires que l\u2019op\u00e9ration a pu<br \/>engendrer, le porteur de la carte doit contester, par \u00e9crit, le pr\u00e9l\u00e8vement aupr\u00e8s de sa banque,<br \/>dans les 70 jours suivant l\u2019op\u00e9ration, voire 120 jours si le contrat le liant \u00e0 celle-ci le pr\u00e9voit. Les<br \/>montants pr\u00e9lev\u00e9s sont rembours\u00e9s par la banque dans un d\u00e9lai maximum d\u2019un mois apr\u00e8s<br \/>r\u00e9ception de la contestation \u00e9crite form\u00e9e par le porteur. Aucun frais de restitution des sommes<br \/>ne pourra \u00eatre mis \u00e0 la charge du titulaire.<br \/>La confirmation d\u2019une commande entra\u00eene acceptation des pr\u00e9sentes conditions de vente, la<br \/>reconnaissance d\u2019en avoir parfaite connaissance et la renonciation \u00e0 se pr\u00e9valoir de ses propres<br \/>conditions d\u2019achat. L\u2019ensemble des donn\u00e9es fournies et la confirmation enregistr\u00e9e vaudront<br \/>preuve de la transaction. Si l\u2019acheteur poss\u00e8de une adresse \u00e9lectronique et s\u2019il l\u2019a renseign\u00e9e<br \/>sur son bon de commande, FRANCE EMPIRES lui communiquera par courrier \u00e9lectronique la<br \/>confirmation de l\u2019enregistrement de sa commande.<br \/>Si l\u2019acheteur souhaite contacter la soci\u00e9t\u00e9 FRANCE EMPIRES, il peut le faire par email \u00e0<br \/>l\u2019adresse suivante : contact@france-empires.com.<\/p><h5>Article 5. R\u00e9serve de propri\u00e9t\u00e9<\/h5><p>La soci\u00e9t\u00e9 FRANCE EMPIRES conserve la propri\u00e9t\u00e9 pleine et enti\u00e8re des produits vendus<br \/>jusqu&rsquo;au parfait encaissement du prix, en principal, frais et taxes compris.<\/p><h3>Article 6. R\u00e9tractation<\/h3><p>Selon les modalit\u00e9s de l\u2019article L221-18 du Code de la Consommation \u00abLe consommateur<br \/>dispose d&rsquo;un d\u00e9lai de quatorze jours pour exercer son droit de r\u00e9tractation d&rsquo;un contrat conclu \u00e0<br \/>distance, \u00e0 la suite d&rsquo;un d\u00e9marchage t\u00e9l\u00e9phonique ou hors \u00e9tablissement, sans avoir \u00e0 motiver<br \/>sa d\u00e9cision ni \u00e0 supporter d&rsquo;autres co\u00fbts que ceux pr\u00e9vus aux articles L. 221-23 \u00e0 L. 221-25. Le<br \/>d\u00e9lai mentionn\u00e9 au premier alin\u00e9a court \u00e0 compter du jour : 1\u00b0 De la conclusion du contrat, pour<br \/>les contrats de prestation de services et ceux mentionn\u00e9s \u00e0 l&rsquo;article L. 221-4 ; 2\u00b0 De la r\u00e9ception<\/p><p>du bien par le consommateur ou un tiers, autre que le transporteur, d\u00e9sign\u00e9 par lui, pour les<br \/>contrats de vente de biens. Pour les contrats conclus hors \u00e9tablissement, le consommateur peut<br \/>exercer son droit de r\u00e9tractation \u00e0 compter de la conclusion du contrat. Dans le cas d&rsquo;une<br \/>commande portant sur plusieurs biens livr\u00e9s s\u00e9par\u00e9ment ou dans le cas d&rsquo;une commande d&rsquo;un<br \/>bien compos\u00e9 de lots ou de pi\u00e8ces multiples dont la livraison est \u00e9chelonn\u00e9e sur une p\u00e9riode<br \/>d\u00e9finie, le d\u00e9lai court \u00e0 compter de la r\u00e9ception du dernier bien ou lot ou de la derni\u00e8re pi\u00e8ce.<br \/>Pour les contrats pr\u00e9voyant la livraison r\u00e9guli\u00e8re de biens pendant une p\u00e9riode d\u00e9finie, le d\u00e9lai<br \/>court \u00e0 compter de la r\u00e9ception du premier bien. \u00bb Le droit de r\u00e9tractation peut \u00eatre exerc\u00e9 en<br \/>ligne, \u00e0 l&rsquo;aide du formulaire de r\u00e9tractation disponible sur le site ou de toute autre d\u00e9claration,<br \/>d\u00e9nu\u00e9e d&rsquo;ambigu\u00eft\u00e9, exprimant la volont\u00e9 de se r\u00e9tracter et notamment par courrier postal<br \/>adress\u00e9 au Vendeur aux coordonn\u00e9es postales ou mail indiqu\u00e9es en ent\u00eate des CGV. Les<br \/>retours sont \u00e0 effectuer dans leur \u00e9tat d&rsquo;origine et complets (emballage, accessoires, notice&#8230;)<br \/>permettant leur re-commercialisation \u00e0 l&rsquo;\u00e9tat neuf, accompagn\u00e9s de la facture d&rsquo;achat. Les<br \/>Produits endommag\u00e9s, salis ou incomplets ne sont pas repris. Les frais de retour restant \u00e0 la<br \/>charge du Client. L&rsquo;\u00e9change (sous r\u00e9serve de disponibilit\u00e9) ou le remboursement sera effectu\u00e9<br \/>dans un d\u00e9lai de 14 jours \u00e0 compter de la r\u00e9ception, par le Vendeur, des Produits retourn\u00e9s par<br \/>le Client dans les conditions pr\u00e9vues au pr\u00e9sent article<\/p><h3>Article 7. Livraison<\/h3><p>Les livraisons sont faites \u00e0 l\u2019adresse indiqu\u00e9e sur le bon de commande (et identique \u00e0 celle<br \/>indiqu\u00e9e sur le paiement Paypal, protection Marchands Paypal oblige) qui ne peut \u00eatre que dans<br \/>la zone g\u00e9ographique convenue. Les commandes sont effectu\u00e9es par differents prestataires,<br \/>Mondial Relay, La Poste etc selon modalit\u00e9s a convenir. Les d\u00e9lais de livraison ne sont donn\u00e9s<br \/>qu\u2019\u00e0 titre indicatif (48h pour la France, 3 \u00e0 5 jours pour l\u2019Europe, 8 \u00e0 15 jours pour le reste du<br \/>monde); si ceux-ci d\u00e9passent trente jours \u00e0 compter de la commande pour la France, le contrat<br \/>de vente pourra \u00eatre r\u00e9sili\u00e9 et l\u2019acheteur rembours\u00e9. Ce d\u00e9lai est report\u00e9 \u00e0 3 mois pour les<br \/>livraisons hors de France. La soci\u00e9t\u00e9 FRANCE EMPIRES pourra fournir par e-mail \u00e0 l\u2019acheteur le<br \/>num\u00e9ro de suivi de son colis. Les risques li\u00e9s au transport sont \u00e0 la charge de l&rsquo;acqu\u00e9reur \u00e0<br \/>compter du moment o\u00f9 l\u2019acheteur prend physiquement possession de l\u2019article. L\u2019acheteur est<br \/>tenu de v\u00e9rifier en pr\u00e9sence du pr\u00e9pos\u00e9 de La Poste ou du livreur, l\u2019\u00e9tat de l\u2019emballage de la<br \/>marchandise et son contenu \u00e0 la livraison. En cas de dommage pendant le transport, toute<br \/>protestation doit \u00eatre effectu\u00e9e aupr\u00e8s de notre soci\u00e9t\u00e9 dans un d\u00e9lai de trois jours \u00e0 compter de<br \/>la livraison. La protestation devra \u00eatre accompagn\u00e9e de photos d\u00e9taill\u00e9es des dommages. A<br \/>r\u00e9ception de ces \u00e9l\u00e9ments, nous envisagerons l&rsquo;\u00e9change (si cela est possible), la restauration ou<br \/>le remboursement de l&rsquo;article.<\/p><h3>Article 8. Garantie<\/h3><p>Les objets vendus sont pour leur immense majorit\u00e9 des objets usagers destines a la collection. Il<br \/>ne sont pas garantis.<\/p><h3>Article 9. Responsabilit\u00e9<\/h3><p>La soci\u00e9t\u00e9 FRANCE EMPIRES, dans le processus de vente \u00e0 distance, n\u2019est tenue que par une<br \/>obligation de moyens. Sa responsabilit\u00e9 ne pourra \u00eatre engag\u00e9e pour un dommage r\u00e9sultant de<br \/>l\u2019utilisation du r\u00e9seau Internet tel que perte de donn\u00e9es, intrusion, virus, rupture du service, ou<br \/>autres probl\u00e8mes involontaires.<\/p><h3>Article 10. Propri\u00e9t\u00e9 intellectuelle<\/h3><p>Tous les \u00e9l\u00e9ments du site WWW.FRANCE-EMPIRES.COM sont et restent la propri\u00e9t\u00e9<br \/>intellectuelle et exclusive de la soci\u00e9t\u00e9 FRANCE EMPIRES. Personne n\u2019est autoris\u00e9 \u00e0<br \/>reproduire, exploiter, ou utiliser \u00e0 quelque titre que ce soit, m\u00eame partiellement, des \u00e9l\u00e9ments du<br \/>site qu\u2019ils soient sous forme de photo, logo, visuel ou texte.<\/p><h3>Article 11. Donn\u00e9es \u00e0 caract\u00e8re personnel<\/h3><p>La soci\u00e9t\u00e9 FRANCE EMPIRES s&rsquo;engage \u00e0 pr\u00e9server la confidentialit\u00e9 des informations fournies<br \/>par l\u2019acheteur, qu&rsquo;il serait amen\u00e9 \u00e0 transmettre pour l&rsquo;utilisation de certains services. Toute<br \/>information le concernant est soumise aux dispositions de la loi n\u00b0 78-17 du 6 janvier 1978. A ce<br \/>titre, l&rsquo;internaute dispose d&rsquo;un droit d&rsquo;acc\u00e8s, de modification et de suppression des informations le<br \/>concernant. Il peut en faire la demande \u00e0 tout moment par mail \u00e0 l\u2019adresse suivante :<br \/>contact@france-empires.com<\/p><h3>Article 12. R\u00e8glement des litiges<\/h3><p>Pour toute r\u00e9clamation merci de contacter le service client\u00e8le \u00e0 l\u2019adresse postale ou mail du<br \/>Vendeur indiqu\u00e9e en ent\u00eate des pr\u00e9sentes CGV. Le Client est inform\u00e9 qu&rsquo;il peut en tout \u00e9tat de<br \/>cause recourir \u00e0 une m\u00e9diation conventionnelle, aupr\u00e8s des instances de m\u00e9diation sectorielles<br \/>existantes ou \u00e0 tout mode alternatif de r\u00e8glement des diff\u00e9rends (conciliation, par exemple) en<br \/>cas de contestation.<br \/>Le Client est inform\u00e9 qu\u2019il peut, \u00e9galement recourir \u00e0 la plateforme de R\u00e8glement en Ligne des<br \/>Litige (RLL) : https:\/\/www.mcca-mediation.fr\/. Tous les litiges auxquels les op\u00e9rations d&rsquo;achat et<br \/>de vente conclues en application des pr\u00e9sentes CGV et qui n\u2019auraient pas fait l\u2019objet d\u2019un<br \/>r\u00e8glement amiable entre le vendeur ou par m\u00e9diation, seront soumises aux tribunaux<br \/>comp\u00e9tents dans les conditions de droit commun<\/p>\t\t\t\t\t\t\t\t<\/div>\n\t\t\t\t<\/div>\n\t\t\t\t\t<\/div>\n\t\t<\/div>\n\t\t\t\t\t<\/div>\n\t\t<\/section>\n\t\t\t\t<\/div>\n\t\t","protected":false},"excerpt":{"rendered":"<p>Nos conditions g\u00e9n\u00e9rales de vente Identit\u00e9 de l&rsquo;entreprise : France EMPIRES, Jean-Michel LEFEVRE EI, 2avenue Charles De Gaulle, 78230 Le Pecq RCS:529 380 693 Contacts : contact@france-empires.com | +33 (0) 663440463 Num\u00e9ro d&rsquo;identification \u00e0 la TVA : non applicable Hebergement : HOSTINGER INTERNATIONAL LTD, 61 Lordou Vironos Street, 6023 Larnaca, Chypre&hellip;<\/p>\n","protected":false},"author":1,"featured_media":0,"parent":0,"menu_order":0,"comment_status":"closed","ping_status":"closed","template":"","meta":{"footnotes":""},"class_list":["post-515","page","type-page","status-publish","hentry"],"_links":{"self":[{"href":"https:\/\/france-empires.com\/index.php\/wp-json\/wp\/v2\/pages\/515","targetHints":{"allow":["GET"]}}],"collection":[{"href":"https:\/\/france-empires.com\/index.php\/wp-json\/wp\/v2\/pages"}],"about":[{"href":"https:\/\/france-empires.com\/index.php\/wp-json\/wp\/v2\/types\/page"}],"author":[{"embeddable":true,"href":"https:\/\/france-empires.com\/index.php\/wp-json\/wp\/v2\/users\/1"}],"replies":[{"embeddable":true,"href":"https:\/\/france-empires.com\/index.php\/wp-json\/wp\/v2\/comments?post=515"}],"version-history":[{"count":22,"href":"https:\/\/france-empires.com\/index.php\/wp-json\/wp\/v2\/pages\/515\/revisions"}],"predecessor-version":[{"id":2197,"href":"https:\/\/france-empires.com\/index.php\/wp-json\/wp\/v2\/pages\/515\/revisions\/2197"}],"wp:attachment":[{"href":"https:\/\/france-empires.com\/index.php\/wp-json\/wp\/v2\/media?parent=515"}],"curies":[{"name":"wp","href":"https:\/\/api.w.org\/{rel}","templated":true}]}}