{"id":1000,"date":"2023-01-27T21:49:05","date_gmt":"2023-01-27T20:49:05","guid":{"rendered":"https:\/\/france-empires.com\/?post_type=product&#038;p=1000"},"modified":"2024-06-07T15:51:30","modified_gmt":"2024-06-07T13:51:30","slug":"bottes-dofficier","status":"publish","type":"product","link":"https:\/\/france-empires.com\/index.php\/produit\/bottes-dofficier\/","title":{"rendered":"Bottes d\u2019officier"},"content":{"rendered":"<p>Tr\u00e8s belle paire de bottes d\u2019officier r\u00e9glementaires en TBE, bien marqu\u00e9es et dat\u00e9es<\/p>\n<p>D\u00e9p\u00f4t de particulier<\/p>\n","protected":false},"excerpt":{"rendered":"<p>Tr\u00e8s belle paire de bottes d\u2019officier r\u00e9glementaires en TBE, bien marqu\u00e9es et dat\u00e9es D\u00e9p\u00f4t de particulier<\/p>\n","protected":false},"featured_media":1003,"template":"","meta":[],"product_brand":[],"product_cat":[47,24],"product_tag":[],"class_list":{"0":"post-1000","1":"product","2":"type-product","3":"status-publish","4":"has-post-thumbnail","6":"product_cat-uniformes-complets-et-elements-seuls","7":"product_cat-uniformes-et-coiffures","8":"pa_statut-vendu","10":"first","11":"outofstock","12":"taxable","13":"shipping-taxable","14":"product-type-simple"},"_links":{"self":[{"href":"https:\/\/france-empires.com\/index.php\/wp-json\/wp\/v2\/product\/1000","targetHints":{"allow":["GET"]}}],"collection":[{"href":"https:\/\/france-empires.com\/index.php\/wp-json\/wp\/v2\/product"}],"about":[{"href":"https:\/\/france-empires.com\/index.php\/wp-json\/wp\/v2\/types\/product"}],"wp:featuredmedia":[{"embeddable":true,"href":"https:\/\/france-empires.com\/index.php\/wp-json\/wp\/v2\/media\/1003"}],"wp:attachment":[{"href":"https:\/\/france-empires.com\/index.php\/wp-json\/wp\/v2\/media?parent=1000"}],"wp:term":[{"taxonomy":"product_brand","embeddable":true,"href":"https:\/\/france-empires.com\/index.php\/wp-json\/wp\/v2\/product_brand?post=1000"},{"taxonomy":"product_cat","embeddable":true,"href":"https:\/\/france-empires.com\/index.php\/wp-json\/wp\/v2\/product_cat?post=1000"},{"taxonomy":"product_tag","embeddable":true,"href":"https:\/\/france-empires.com\/index.php\/wp-json\/wp\/v2\/product_tag?post=1000"}],"curies":[{"name":"wp","href":"https:\/\/api.w.org\/{rel}","templated":true}]}}