{"id":1010,"date":"2023-01-27T21:53:14","date_gmt":"2023-01-27T20:53:14","guid":{"rendered":"https:\/\/france-empires.com\/?post_type=product&#038;p=1010"},"modified":"2024-06-07T15:52:07","modified_gmt":"2024-06-07T13:52:07","slug":"lunettes-de-motard","status":"publish","type":"product","link":"https:\/\/france-empires.com\/index.php\/produit\/lunettes-de-motard\/","title":{"rendered":"Lunettes de motard"},"content":{"rendered":"<p>Paire de lunettes de motard \/ chauffeur dans leur \u00e9tui m\u00e9tal dat\u00e9 1940<br \/>\n\u00c9quipement peu courant en tr\u00e8s pr\u00e9sentable<\/p>\n<p>&nbsp;<\/p>\n<p>D\u00e9p\u00f4t de particulier.<\/p>\n","protected":false},"excerpt":{"rendered":"<p>Paire de lunettes de motard \/ chauffeur dans leur \u00e9tui m\u00e9tal dat\u00e9 1940 \u00c9quipement peu courant en tr\u00e8s pr\u00e9sentable &nbsp; D\u00e9p\u00f4t de particulier.<\/p>\n","protected":false},"featured_media":1013,"template":"","meta":[],"product_brand":[],"product_cat":[25,51],"product_tag":[],"class_list":{"0":"post-1010","1":"product","2":"type-product","3":"status-publish","4":"has-post-thumbnail","6":"product_cat-equipements","7":"product_cat-equipements-du-soldat-pour-le-combat-ceinturons-cartouchieres-sac-a-dos-etc","8":"pa_statut-vendu","10":"first","11":"outofstock","12":"taxable","13":"shipping-taxable","14":"product-type-simple"},"_links":{"self":[{"href":"https:\/\/france-empires.com\/index.php\/wp-json\/wp\/v2\/product\/1010","targetHints":{"allow":["GET"]}}],"collection":[{"href":"https:\/\/france-empires.com\/index.php\/wp-json\/wp\/v2\/product"}],"about":[{"href":"https:\/\/france-empires.com\/index.php\/wp-json\/wp\/v2\/types\/product"}],"wp:featuredmedia":[{"embeddable":true,"href":"https:\/\/france-empires.com\/index.php\/wp-json\/wp\/v2\/media\/1013"}],"wp:attachment":[{"href":"https:\/\/france-empires.com\/index.php\/wp-json\/wp\/v2\/media?parent=1010"}],"wp:term":[{"taxonomy":"product_brand","embeddable":true,"href":"https:\/\/france-empires.com\/index.php\/wp-json\/wp\/v2\/product_brand?post=1010"},{"taxonomy":"product_cat","embeddable":true,"href":"https:\/\/france-empires.com\/index.php\/wp-json\/wp\/v2\/product_cat?post=1010"},{"taxonomy":"product_tag","embeddable":true,"href":"https:\/\/france-empires.com\/index.php\/wp-json\/wp\/v2\/product_tag?post=1010"}],"curies":[{"name":"wp","href":"https:\/\/api.w.org\/{rel}","templated":true}]}}