{"id":1282,"date":"2023-02-08T01:16:06","date_gmt":"2023-02-08T00:16:06","guid":{"rendered":"https:\/\/france-empires.com\/?post_type=product&#038;p=1282"},"modified":"2024-06-07T15:53:37","modified_gmt":"2024-06-07T13:53:37","slug":"trousse-medicale-ss","status":"publish","type":"product","link":"https:\/\/france-empires.com\/index.php\/produit\/trousse-medicale-ss\/","title":{"rendered":"Trousse m\u00e9dicale SS"},"content":{"rendered":"<p>Cette trousse de m\u00e9decin est sortie terrain pr\u00e8s de Cherbourg.<\/p>\n<p>Elle est attribu\u00e9e a un \u00ab\u00a0SS Standartenf\u00fchrer\u00a0\u00bb PAUL et bien compl\u00e8te de nombreux \u00e9l\u00e9ments, pansements, produits etc.<\/p>\n<p>&nbsp;<\/p>\n<p>D\u00e9p\u00f4t de particulier.<\/p>\n","protected":false},"excerpt":{"rendered":"<p>Cette trousse de m\u00e9decin est sortie terrain pr\u00e8s de Cherbourg. Elle est attribu\u00e9e a un \u00ab\u00a0SS Standartenf\u00fchrer\u00a0\u00bb PAUL et bien compl\u00e8te de nombreux \u00e9l\u00e9ments, pansements, produits etc. &nbsp; D\u00e9p\u00f4t de particulier.<\/p>\n","protected":false},"featured_media":1286,"template":"","meta":[],"product_brand":[],"product_cat":[28,53,25],"product_tag":[],"class_list":{"0":"post-1282","1":"product","2":"type-product","3":"status-publish","4":"has-post-thumbnail","6":"product_cat-antiquites-et-autres-collections","7":"product_cat-autres-equipements-individuels-et-collectifs","8":"product_cat-equipements","9":"pa_statut-vendu","11":"first","12":"outofstock","13":"product-type-simple"},"_links":{"self":[{"href":"https:\/\/france-empires.com\/index.php\/wp-json\/wp\/v2\/product\/1282","targetHints":{"allow":["GET"]}}],"collection":[{"href":"https:\/\/france-empires.com\/index.php\/wp-json\/wp\/v2\/product"}],"about":[{"href":"https:\/\/france-empires.com\/index.php\/wp-json\/wp\/v2\/types\/product"}],"wp:featuredmedia":[{"embeddable":true,"href":"https:\/\/france-empires.com\/index.php\/wp-json\/wp\/v2\/media\/1286"}],"wp:attachment":[{"href":"https:\/\/france-empires.com\/index.php\/wp-json\/wp\/v2\/media?parent=1282"}],"wp:term":[{"taxonomy":"product_brand","embeddable":true,"href":"https:\/\/france-empires.com\/index.php\/wp-json\/wp\/v2\/product_brand?post=1282"},{"taxonomy":"product_cat","embeddable":true,"href":"https:\/\/france-empires.com\/index.php\/wp-json\/wp\/v2\/product_cat?post=1282"},{"taxonomy":"product_tag","embeddable":true,"href":"https:\/\/france-empires.com\/index.php\/wp-json\/wp\/v2\/product_tag?post=1282"}],"curies":[{"name":"wp","href":"https:\/\/api.w.org\/{rel}","templated":true}]}}