{"id":1295,"date":"2023-02-08T01:52:31","date_gmt":"2023-02-08T00:52:31","guid":{"rendered":"https:\/\/france-empires.com\/?post_type=product&#038;p=1295"},"modified":"2024-06-07T15:54:01","modified_gmt":"2024-06-07T13:54:01","slug":"gourde-allemande-coco-1942","status":"publish","type":"product","link":"https:\/\/france-empires.com\/index.php\/produit\/gourde-allemande-coco-1942\/","title":{"rendered":"Gourde allemande \u00ab\u00a0coco\u00a0\u00bb 1942"},"content":{"rendered":"<p>La gourde et son brelage sont en TBE. Le quart en bak\u00e9lite est cass\u00e9, voir photos.<\/p>\n<p>Bien marqu\u00e9e, dat\u00e9e 1942<\/p>\n<p>&nbsp;<\/p>\n<p>D\u00e9p\u00f4t de particulier.<\/p>\n<p>&nbsp;<\/p>\n<p>&nbsp;<\/p>\n","protected":false},"excerpt":{"rendered":"<p>La gourde et son brelage sont en TBE. Le quart en bak\u00e9lite est cass\u00e9, voir photos. Bien marqu\u00e9e, dat\u00e9e 1942 &nbsp; D\u00e9p\u00f4t de particulier. &nbsp; &nbsp;<\/p>\n","protected":false},"featured_media":1296,"template":"","meta":[],"product_brand":[],"product_cat":[25,51],"product_tag":[],"class_list":{"0":"post-1295","1":"product","2":"type-product","3":"status-publish","4":"has-post-thumbnail","6":"product_cat-equipements","7":"product_cat-equipements-du-soldat-pour-le-combat-ceinturons-cartouchieres-sac-a-dos-etc","8":"pa_statut-vendu","10":"first","11":"outofstock","12":"taxable","13":"shipping-taxable","14":"product-type-simple"},"_links":{"self":[{"href":"https:\/\/france-empires.com\/index.php\/wp-json\/wp\/v2\/product\/1295","targetHints":{"allow":["GET"]}}],"collection":[{"href":"https:\/\/france-empires.com\/index.php\/wp-json\/wp\/v2\/product"}],"about":[{"href":"https:\/\/france-empires.com\/index.php\/wp-json\/wp\/v2\/types\/product"}],"wp:featuredmedia":[{"embeddable":true,"href":"https:\/\/france-empires.com\/index.php\/wp-json\/wp\/v2\/media\/1296"}],"wp:attachment":[{"href":"https:\/\/france-empires.com\/index.php\/wp-json\/wp\/v2\/media?parent=1295"}],"wp:term":[{"taxonomy":"product_brand","embeddable":true,"href":"https:\/\/france-empires.com\/index.php\/wp-json\/wp\/v2\/product_brand?post=1295"},{"taxonomy":"product_cat","embeddable":true,"href":"https:\/\/france-empires.com\/index.php\/wp-json\/wp\/v2\/product_cat?post=1295"},{"taxonomy":"product_tag","embeddable":true,"href":"https:\/\/france-empires.com\/index.php\/wp-json\/wp\/v2\/product_tag?post=1295"}],"curies":[{"name":"wp","href":"https:\/\/api.w.org\/{rel}","templated":true}]}}