{"id":1344,"date":"2023-02-08T16:27:38","date_gmt":"2023-02-08T15:27:38","guid":{"rendered":"https:\/\/france-empires.com\/?post_type=product&#038;p=1344"},"modified":"2023-03-10T19:14:01","modified_gmt":"2023-03-10T18:14:01","slug":"croix-de-fer-1ere-classe-eisernes-kreuz-1939","status":"publish","type":"product","link":"https:\/\/france-empires.com\/index.php\/produit\/croix-de-fer-1ere-classe-eisernes-kreuz-1939\/","title":{"rendered":"Croix de fer, 1\u00e8re classe, Eisernes Kreuz, 1939"},"content":{"rendered":"<p>Croix de fer, 1\u00e8re classe, provenance terrain, port\u00e9e.<\/p>\n<p>Poin\u00e7on sur l&rsquo;aiguille de fixation.<\/p>\n<p>&nbsp;<\/p>\n<p>D\u00e9p\u00f4t de particulier.<\/p>\n","protected":false},"excerpt":{"rendered":"<p>Croix de fer, 1\u00e8re classe, provenance terrain, port\u00e9e. Poin\u00e7on sur l&rsquo;aiguille de fixation. &nbsp; D\u00e9p\u00f4t de particulier.<\/p>\n","protected":false},"featured_media":1350,"template":"","meta":[],"product_brand":[],"product_cat":[23,42],"product_tag":[],"class_list":{"0":"post-1344","1":"product","2":"type-product","3":"status-publish","4":"has-post-thumbnail","6":"product_cat-medailles-et-decorations","7":"product_cat-militaires","8":"pa_statut-vendu","10":"first","11":"outofstock","12":"product-type-simple"},"_links":{"self":[{"href":"https:\/\/france-empires.com\/index.php\/wp-json\/wp\/v2\/product\/1344","targetHints":{"allow":["GET"]}}],"collection":[{"href":"https:\/\/france-empires.com\/index.php\/wp-json\/wp\/v2\/product"}],"about":[{"href":"https:\/\/france-empires.com\/index.php\/wp-json\/wp\/v2\/types\/product"}],"wp:featuredmedia":[{"embeddable":true,"href":"https:\/\/france-empires.com\/index.php\/wp-json\/wp\/v2\/media\/1350"}],"wp:attachment":[{"href":"https:\/\/france-empires.com\/index.php\/wp-json\/wp\/v2\/media?parent=1344"}],"wp:term":[{"taxonomy":"product_brand","embeddable":true,"href":"https:\/\/france-empires.com\/index.php\/wp-json\/wp\/v2\/product_brand?post=1344"},{"taxonomy":"product_cat","embeddable":true,"href":"https:\/\/france-empires.com\/index.php\/wp-json\/wp\/v2\/product_cat?post=1344"},{"taxonomy":"product_tag","embeddable":true,"href":"https:\/\/france-empires.com\/index.php\/wp-json\/wp\/v2\/product_tag?post=1344"}],"curies":[{"name":"wp","href":"https:\/\/api.w.org\/{rel}","templated":true}]}}