{"id":1353,"date":"2023-02-08T16:35:38","date_gmt":"2023-02-08T15:35:38","guid":{"rendered":"https:\/\/france-empires.com\/?post_type=product&#038;p=1353"},"modified":"2023-11-12T23:27:04","modified_gmt":"2023-11-12T22:27:04","slug":"insigne-dassaut-general-allgemeine-sturmabzeichen","status":"publish","type":"product","link":"https:\/\/france-empires.com\/index.php\/produit\/insigne-dassaut-general-allgemeine-sturmabzeichen\/","title":{"rendered":"insigne d&rsquo;assaut g\u00e9n\u00e9ral (Allgemeine Sturmabzeichen)"},"content":{"rendered":"<p>Badge terrain, port\u00e9.<\/p>\n<p>L&rsquo;insigne est de forme ovale repr\u00e9sentant une couronne de feuilles de ch\u00eane, avec en son centre un aigle debout sur une croix gamm\u00e9e, le tout pos\u00e9 sur une ba\u00efonnette et une grenade \u00e0 main crois\u00e9es ensemble.<br \/>\nLe revers de l&rsquo;insigne est lisse, et dispose d&rsquo;une aiguille pour l&rsquo;accrocher au v\u00eatement.<\/p>\n<p>L&rsquo;insigne se porte sur la poche de poitrine gauche en son centre ou en partie inf\u00e9rieure droite si le r\u00e9cipiendaire a d\u00e9j\u00e0 la croix de fer.<\/p>\n<p>Il fut d\u00e9cern\u00e9 \u00e0 environ 460 000 soldats.<\/p>\n<p>&nbsp;<\/p>\n<p>D\u00e9p\u00f4t de particulier.<\/p>\n","protected":false},"excerpt":{"rendered":"<p>Badge terrain, port\u00e9. L&rsquo;insigne est de forme ovale repr\u00e9sentant une couronne de feuilles de ch\u00eane, avec en son centre un aigle debout sur une croix gamm\u00e9e, le tout pos\u00e9 sur une ba\u00efonnette et une grenade \u00e0 main crois\u00e9es ensemble. Le revers de l&rsquo;insigne est lisse, et dispose d&rsquo;une aiguille pour l&rsquo;accrocher&hellip;<\/p>\n","protected":false},"featured_media":1357,"template":"","meta":[],"product_brand":[],"product_cat":[19,23,42],"product_tag":[],"class_list":{"0":"post-1353","1":"product","2":"type-product","3":"status-publish","4":"has-post-thumbnail","6":"product_cat-insignes","7":"product_cat-medailles-et-decorations","8":"product_cat-militaires","9":"pa_statut-vendu","11":"first","12":"outofstock","13":"product-type-simple"},"_links":{"self":[{"href":"https:\/\/france-empires.com\/index.php\/wp-json\/wp\/v2\/product\/1353","targetHints":{"allow":["GET"]}}],"collection":[{"href":"https:\/\/france-empires.com\/index.php\/wp-json\/wp\/v2\/product"}],"about":[{"href":"https:\/\/france-empires.com\/index.php\/wp-json\/wp\/v2\/types\/product"}],"wp:featuredmedia":[{"embeddable":true,"href":"https:\/\/france-empires.com\/index.php\/wp-json\/wp\/v2\/media\/1357"}],"wp:attachment":[{"href":"https:\/\/france-empires.com\/index.php\/wp-json\/wp\/v2\/media?parent=1353"}],"wp:term":[{"taxonomy":"product_brand","embeddable":true,"href":"https:\/\/france-empires.com\/index.php\/wp-json\/wp\/v2\/product_brand?post=1353"},{"taxonomy":"product_cat","embeddable":true,"href":"https:\/\/france-empires.com\/index.php\/wp-json\/wp\/v2\/product_cat?post=1353"},{"taxonomy":"product_tag","embeddable":true,"href":"https:\/\/france-empires.com\/index.php\/wp-json\/wp\/v2\/product_tag?post=1353"}],"curies":[{"name":"wp","href":"https:\/\/api.w.org\/{rel}","templated":true}]}}