{"id":1363,"date":"2023-02-08T16:40:38","date_gmt":"2023-02-08T15:40:38","guid":{"rendered":"https:\/\/france-empires.com\/?post_type=product&#038;p=1363"},"modified":"2023-06-04T16:46:22","modified_gmt":"2023-06-04T14:46:22","slug":"insigne-des-blesses-verwundetenabzeichen","status":"publish","type":"product","link":"https:\/\/france-empires.com\/index.php\/produit\/insigne-des-blesses-verwundetenabzeichen\/","title":{"rendered":"insigne des bless\u00e9s (Verwundetenabzeichen)"},"content":{"rendered":"<p>Badge de belle facture, provenance terrain.<\/p>\n<p>L&rsquo;insigne est en version argent : pour ceux qui ont \u00e9t\u00e9 bless\u00e9s trois ou quatre fois, ont perdu une main, un pied ou un \u0153il (\u00e9galement la perte partielle d&rsquo;une oreille), ou ont \u00e9t\u00e9 d\u00e9figur\u00e9s ou subi des dommages c\u00e9r\u00e9braux au cours d&rsquo;actions hostiles !<\/p>\n<p>&nbsp;<\/p>\n<p>D\u00e9p\u00f4t de particulier.<\/p>\n","protected":false},"excerpt":{"rendered":"<p>Badge de belle facture, provenance terrain. L&rsquo;insigne est en version argent : pour ceux qui ont \u00e9t\u00e9 bless\u00e9s trois ou quatre fois, ont perdu une main, un pied ou un \u0153il (\u00e9galement la perte partielle d&rsquo;une oreille), ou ont \u00e9t\u00e9 d\u00e9figur\u00e9s ou subi des dommages c\u00e9r\u00e9braux au cours d&rsquo;actions hostiles !&hellip;<\/p>\n","protected":false},"featured_media":1359,"template":"","meta":[],"product_brand":[],"product_cat":[19,23,42],"product_tag":[],"class_list":{"0":"post-1363","1":"product","2":"type-product","3":"status-publish","4":"has-post-thumbnail","6":"product_cat-insignes","7":"product_cat-medailles-et-decorations","8":"product_cat-militaires","9":"pa_statut-vendu","11":"first","12":"outofstock","13":"taxable","14":"shipping-taxable","15":"product-type-simple"},"_links":{"self":[{"href":"https:\/\/france-empires.com\/index.php\/wp-json\/wp\/v2\/product\/1363","targetHints":{"allow":["GET"]}}],"collection":[{"href":"https:\/\/france-empires.com\/index.php\/wp-json\/wp\/v2\/product"}],"about":[{"href":"https:\/\/france-empires.com\/index.php\/wp-json\/wp\/v2\/types\/product"}],"wp:featuredmedia":[{"embeddable":true,"href":"https:\/\/france-empires.com\/index.php\/wp-json\/wp\/v2\/media\/1359"}],"wp:attachment":[{"href":"https:\/\/france-empires.com\/index.php\/wp-json\/wp\/v2\/media?parent=1363"}],"wp:term":[{"taxonomy":"product_brand","embeddable":true,"href":"https:\/\/france-empires.com\/index.php\/wp-json\/wp\/v2\/product_brand?post=1363"},{"taxonomy":"product_cat","embeddable":true,"href":"https:\/\/france-empires.com\/index.php\/wp-json\/wp\/v2\/product_cat?post=1363"},{"taxonomy":"product_tag","embeddable":true,"href":"https:\/\/france-empires.com\/index.php\/wp-json\/wp\/v2\/product_tag?post=1363"}],"curies":[{"name":"wp","href":"https:\/\/api.w.org\/{rel}","templated":true}]}}