{"id":1374,"date":"2023-02-08T23:17:55","date_gmt":"2023-02-08T22:17:55","guid":{"rendered":"https:\/\/france-empires.com\/?post_type=product&#038;p=1374"},"modified":"2023-12-23T11:53:58","modified_gmt":"2023-12-23T10:53:58","slug":"blouson-et-pantalon-de-battledress-canadien-pattern-37","status":"publish","type":"product","link":"https:\/\/france-empires.com\/index.php\/produit\/blouson-et-pantalon-de-battledress-canadien-pattern-37\/","title":{"rendered":"Blouson et pantalon de Battledress Canadien Pattern 37"},"content":{"rendered":"<p>Ensemble homog\u00e8ne dat\u00e9 1945, avec quelques attaques de mites mais tr\u00e8s pr\u00e9sentable.<\/p>\n<p>Il \u00e9tait pr\u00e9sent\u00e9 avec le surtout, les bottes et le casque de motard \u00e9galement en vente sur France Empires. L&rsquo;ensemble donnait une tr\u00e8s belle impression.<\/p>\n<p>Permet de monter un soldat du Commonwealth pour une fraction du prix des battle-dress anglais.<\/p>\n<p>&nbsp;<\/p>\n<p>D\u00e9p\u00f4t de particulier.<\/p>\n","protected":false},"excerpt":{"rendered":"<p>Ensemble homog\u00e8ne dat\u00e9 1945, avec quelques attaques de mites mais tr\u00e8s pr\u00e9sentable. Il \u00e9tait pr\u00e9sent\u00e9 avec le surtout, les bottes et le casque de motard \u00e9galement en vente sur France Empires. L&rsquo;ensemble donnait une tr\u00e8s belle impression. Permet de monter un soldat du Commonwealth pour une fraction du prix des battle-dress&hellip;<\/p>\n","protected":false},"featured_media":1380,"template":"","meta":[],"product_brand":[],"product_cat":[47,24],"product_tag":[],"class_list":{"0":"post-1374","1":"product","2":"type-product","3":"status-publish","4":"has-post-thumbnail","6":"product_cat-uniformes-complets-et-elements-seuls","7":"product_cat-uniformes-et-coiffures","8":"pa_statut-disponible","10":"first","11":"outofstock","12":"product-type-simple"},"_links":{"self":[{"href":"https:\/\/france-empires.com\/index.php\/wp-json\/wp\/v2\/product\/1374","targetHints":{"allow":["GET"]}}],"collection":[{"href":"https:\/\/france-empires.com\/index.php\/wp-json\/wp\/v2\/product"}],"about":[{"href":"https:\/\/france-empires.com\/index.php\/wp-json\/wp\/v2\/types\/product"}],"wp:featuredmedia":[{"embeddable":true,"href":"https:\/\/france-empires.com\/index.php\/wp-json\/wp\/v2\/media\/1380"}],"wp:attachment":[{"href":"https:\/\/france-empires.com\/index.php\/wp-json\/wp\/v2\/media?parent=1374"}],"wp:term":[{"taxonomy":"product_brand","embeddable":true,"href":"https:\/\/france-empires.com\/index.php\/wp-json\/wp\/v2\/product_brand?post=1374"},{"taxonomy":"product_cat","embeddable":true,"href":"https:\/\/france-empires.com\/index.php\/wp-json\/wp\/v2\/product_cat?post=1374"},{"taxonomy":"product_tag","embeddable":true,"href":"https:\/\/france-empires.com\/index.php\/wp-json\/wp\/v2\/product_tag?post=1374"}],"curies":[{"name":"wp","href":"https:\/\/api.w.org\/{rel}","templated":true}]}}