{"id":1388,"date":"2023-02-08T23:25:00","date_gmt":"2023-02-08T22:25:00","guid":{"rendered":"https:\/\/france-empires.com\/?post_type=product&#038;p=1388"},"modified":"2024-06-07T15:54:26","modified_gmt":"2024-06-07T13:54:26","slug":"brelage-officier-gb-homogene","status":"publish","type":"product","link":"https:\/\/france-empires.com\/index.php\/produit\/brelage-officier-gb-homogene\/","title":{"rendered":"Brelage officier GB homog\u00e8ne"},"content":{"rendered":"<p>Toutes pi\u00e8ces bonnes ww2. Lot compos\u00e9 de :<\/p>\n<p>Webbing mod\u00e8le 1937:<\/p>\n<p>Ceinturon en<\/p>\n<p>Bretelles<\/p>\n<p>Pochettes a boussole et a munitions<\/p>\n<p>Etui a pistolet<\/p>\n<p>Etui a jumelles et jumelles<\/p>\n<p>Musette du mod\u00e8le des officiers.<\/p>\n<p>&nbsp;<\/p>\n<p>D\u00e9p\u00f4t de particulier.<\/p>\n","protected":false},"excerpt":{"rendered":"<p>Toutes pi\u00e8ces bonnes ww2. Lot compos\u00e9 de : Webbing mod\u00e8le 1937: Ceinturon en Bretelles Pochettes a boussole et a munitions Etui a pistolet Etui a jumelles et jumelles Musette du mod\u00e8le des officiers. &nbsp; D\u00e9p\u00f4t de particulier.<\/p>\n","protected":false},"featured_media":1395,"template":"","meta":[],"product_brand":[],"product_cat":[25,51],"product_tag":[],"class_list":{"0":"post-1388","1":"product","2":"type-product","3":"status-publish","4":"has-post-thumbnail","6":"product_cat-equipements","7":"product_cat-equipements-du-soldat-pour-le-combat-ceinturons-cartouchieres-sac-a-dos-etc","8":"pa_statut-vendu","10":"first","11":"outofstock","12":"product-type-simple"},"_links":{"self":[{"href":"https:\/\/france-empires.com\/index.php\/wp-json\/wp\/v2\/product\/1388","targetHints":{"allow":["GET"]}}],"collection":[{"href":"https:\/\/france-empires.com\/index.php\/wp-json\/wp\/v2\/product"}],"about":[{"href":"https:\/\/france-empires.com\/index.php\/wp-json\/wp\/v2\/types\/product"}],"wp:featuredmedia":[{"embeddable":true,"href":"https:\/\/france-empires.com\/index.php\/wp-json\/wp\/v2\/media\/1395"}],"wp:attachment":[{"href":"https:\/\/france-empires.com\/index.php\/wp-json\/wp\/v2\/media?parent=1388"}],"wp:term":[{"taxonomy":"product_brand","embeddable":true,"href":"https:\/\/france-empires.com\/index.php\/wp-json\/wp\/v2\/product_brand?post=1388"},{"taxonomy":"product_cat","embeddable":true,"href":"https:\/\/france-empires.com\/index.php\/wp-json\/wp\/v2\/product_cat?post=1388"},{"taxonomy":"product_tag","embeddable":true,"href":"https:\/\/france-empires.com\/index.php\/wp-json\/wp\/v2\/product_tag?post=1388"}],"curies":[{"name":"wp","href":"https:\/\/api.w.org\/{rel}","templated":true}]}}