{"id":1404,"date":"2023-02-08T23:36:43","date_gmt":"2023-02-08T22:36:43","guid":{"rendered":"https:\/\/france-empires.com\/?post_type=product&#038;p=1404"},"modified":"2024-06-07T15:54:54","modified_gmt":"2024-06-07T13:54:54","slug":"brodequins-australiens-ww2","status":"publish","type":"product","link":"https:\/\/france-empires.com\/index.php\/produit\/brodequins-australiens-ww2\/","title":{"rendered":"Brodequins australiens ww2"},"content":{"rendered":"<p>Paire de brodequins en tr\u00e8s bon \u00e9tat.<\/p>\n<p>Bonne taille et bien marqu\u00e9s, Dat\u00e9s 1943.<\/p>\n<p>Cloutage et fers d&rsquo;origine.<\/p>\n<p>&nbsp;<\/p>\n<p>D\u00e9p\u00f4t de particulier.<\/p>\n","protected":false},"excerpt":{"rendered":"<p>Paire de brodequins en tr\u00e8s bon \u00e9tat. Bonne taille et bien marqu\u00e9s, Dat\u00e9s 1943. Cloutage et fers d&rsquo;origine. &nbsp; D\u00e9p\u00f4t de particulier.<\/p>\n","protected":false},"featured_media":1409,"template":"","meta":[],"product_brand":[],"product_cat":[78,24],"product_tag":[],"class_list":{"0":"post-1404","1":"product","2":"type-product","3":"status-publish","4":"has-post-thumbnail","6":"product_cat-brodequins","7":"product_cat-uniformes-et-coiffures","8":"pa_statut-vendu","10":"first","11":"outofstock","12":"product-type-simple"},"_links":{"self":[{"href":"https:\/\/france-empires.com\/index.php\/wp-json\/wp\/v2\/product\/1404","targetHints":{"allow":["GET"]}}],"collection":[{"href":"https:\/\/france-empires.com\/index.php\/wp-json\/wp\/v2\/product"}],"about":[{"href":"https:\/\/france-empires.com\/index.php\/wp-json\/wp\/v2\/types\/product"}],"wp:featuredmedia":[{"embeddable":true,"href":"https:\/\/france-empires.com\/index.php\/wp-json\/wp\/v2\/media\/1409"}],"wp:attachment":[{"href":"https:\/\/france-empires.com\/index.php\/wp-json\/wp\/v2\/media?parent=1404"}],"wp:term":[{"taxonomy":"product_brand","embeddable":true,"href":"https:\/\/france-empires.com\/index.php\/wp-json\/wp\/v2\/product_brand?post=1404"},{"taxonomy":"product_cat","embeddable":true,"href":"https:\/\/france-empires.com\/index.php\/wp-json\/wp\/v2\/product_cat?post=1404"},{"taxonomy":"product_tag","embeddable":true,"href":"https:\/\/france-empires.com\/index.php\/wp-json\/wp\/v2\/product_tag?post=1404"}],"curies":[{"name":"wp","href":"https:\/\/api.w.org\/{rel}","templated":true}]}}