{"id":1412,"date":"2023-02-09T00:07:04","date_gmt":"2023-02-08T23:07:04","guid":{"rendered":"https:\/\/france-empires.com\/?post_type=product&#038;p=1412"},"modified":"2023-04-04T22:21:41","modified_gmt":"2023-04-04T20:21:41","slug":"surtout-de-motard-gb-ww2","status":"publish","type":"product","link":"https:\/\/france-empires.com\/index.php\/produit\/surtout-de-motard-gb-ww2\/","title":{"rendered":"Surtout de motard GB ww2"},"content":{"rendered":"<p>Surtout de motard (coat rubberproofed, motor cyclists)) en tr\u00e8s bel \u00e9tat et de bonne taille.<\/p>\n<p>Il est marqu\u00e9, dat\u00e9, et poss\u00e8de encore son \u00e9tiquette en papier.<\/p>\n<p>&nbsp;<\/p>\n<p>D\u00e9p\u00f4t de particulier.<\/p>\n","protected":false},"excerpt":{"rendered":"<p>Surtout de motard (coat rubberproofed, motor cyclists)) en tr\u00e8s bel \u00e9tat et de bonne taille. Il est marqu\u00e9, dat\u00e9, et poss\u00e8de encore son \u00e9tiquette en papier. &nbsp; D\u00e9p\u00f4t de particulier.<\/p>\n","protected":false},"featured_media":1417,"template":"","meta":[],"product_brand":[],"product_cat":[47,24],"product_tag":[],"class_list":{"0":"post-1412","1":"product","2":"type-product","3":"status-publish","4":"has-post-thumbnail","6":"product_cat-uniformes-complets-et-elements-seuls","7":"product_cat-uniformes-et-coiffures","8":"pa_statut-vendu","10":"first","11":"outofstock","12":"product-type-simple"},"_links":{"self":[{"href":"https:\/\/france-empires.com\/index.php\/wp-json\/wp\/v2\/product\/1412","targetHints":{"allow":["GET"]}}],"collection":[{"href":"https:\/\/france-empires.com\/index.php\/wp-json\/wp\/v2\/product"}],"about":[{"href":"https:\/\/france-empires.com\/index.php\/wp-json\/wp\/v2\/types\/product"}],"wp:featuredmedia":[{"embeddable":true,"href":"https:\/\/france-empires.com\/index.php\/wp-json\/wp\/v2\/media\/1417"}],"wp:attachment":[{"href":"https:\/\/france-empires.com\/index.php\/wp-json\/wp\/v2\/media?parent=1412"}],"wp:term":[{"taxonomy":"product_brand","embeddable":true,"href":"https:\/\/france-empires.com\/index.php\/wp-json\/wp\/v2\/product_brand?post=1412"},{"taxonomy":"product_cat","embeddable":true,"href":"https:\/\/france-empires.com\/index.php\/wp-json\/wp\/v2\/product_cat?post=1412"},{"taxonomy":"product_tag","embeddable":true,"href":"https:\/\/france-empires.com\/index.php\/wp-json\/wp\/v2\/product_tag?post=1412"}],"curies":[{"name":"wp","href":"https:\/\/api.w.org\/{rel}","templated":true}]}}