{"id":1442,"date":"2023-02-09T00:50:12","date_gmt":"2023-02-08T23:50:12","guid":{"rendered":"https:\/\/france-empires.com\/?post_type=product&#038;p=1442"},"modified":"2024-06-07T15:55:18","modified_gmt":"2024-06-07T13:55:18","slug":"schirmmutze-pionier-style-alterart-allemagne-ww2","status":"publish","type":"product","link":"https:\/\/france-empires.com\/index.php\/produit\/schirmmutze-pionier-style-alterart-allemagne-ww2\/","title":{"rendered":"Schirmm\u00fctze Pionier, style Alterart, Allemagne ww2"},"content":{"rendered":"<p>Superbe casquette d&rsquo;officier, en parfait \u00e9tat.<\/p>\n<p>Forme bien cass\u00e9e \u00ab\u00a0Kampf\u00a0\u00bb<\/p>\n<p>Aigle et feuilles de ch\u00eane brod\u00e9s<\/p>\n<p>Taille 56.<\/p>\n<p>Tampon de fabricant a l&rsquo;int\u00e9rieur de la basane de sudation, dat\u00e9 1940.<\/p>\n<p>Cette casquette peut faire l&rsquo;objet d&rsquo;une vente globale d&rsquo;un mannequin, sous r\u00e9serve de disponibilit\u00e9 des autres pi\u00e8ces. Nous consulter.<\/p>\n<p>&nbsp;<\/p>\n<p>D\u00e9p\u00f4t de particulier.<\/p>\n","protected":false},"excerpt":{"rendered":"<p>Superbe casquette d&rsquo;officier, en parfait \u00e9tat. Forme bien cass\u00e9e \u00ab\u00a0Kampf\u00a0\u00bb Aigle et feuilles de ch\u00eane brod\u00e9s Taille 56. Tampon de fabricant a l&rsquo;int\u00e9rieur de la basane de sudation, dat\u00e9 1940. Cette casquette peut faire l&rsquo;objet d&rsquo;une vente globale d&rsquo;un mannequin, sous r\u00e9serve de disponibilit\u00e9 des autres pi\u00e8ces. Nous consulter. &nbsp; D\u00e9p\u00f4t&hellip;<\/p>\n","protected":false},"featured_media":1447,"template":"","meta":[],"product_brand":[],"product_cat":[45,24],"product_tag":[],"class_list":{"0":"post-1442","1":"product","2":"type-product","3":"status-publish","4":"has-post-thumbnail","6":"product_cat-coiffures-casques-kepis-shakos-etc","7":"product_cat-uniformes-et-coiffures","8":"pa_statut-vendu","10":"first","11":"outofstock","12":"taxable","13":"shipping-taxable","14":"product-type-simple"},"_links":{"self":[{"href":"https:\/\/france-empires.com\/index.php\/wp-json\/wp\/v2\/product\/1442","targetHints":{"allow":["GET"]}}],"collection":[{"href":"https:\/\/france-empires.com\/index.php\/wp-json\/wp\/v2\/product"}],"about":[{"href":"https:\/\/france-empires.com\/index.php\/wp-json\/wp\/v2\/types\/product"}],"wp:featuredmedia":[{"embeddable":true,"href":"https:\/\/france-empires.com\/index.php\/wp-json\/wp\/v2\/media\/1447"}],"wp:attachment":[{"href":"https:\/\/france-empires.com\/index.php\/wp-json\/wp\/v2\/media?parent=1442"}],"wp:term":[{"taxonomy":"product_brand","embeddable":true,"href":"https:\/\/france-empires.com\/index.php\/wp-json\/wp\/v2\/product_brand?post=1442"},{"taxonomy":"product_cat","embeddable":true,"href":"https:\/\/france-empires.com\/index.php\/wp-json\/wp\/v2\/product_cat?post=1442"},{"taxonomy":"product_tag","embeddable":true,"href":"https:\/\/france-empires.com\/index.php\/wp-json\/wp\/v2\/product_tag?post=1442"}],"curies":[{"name":"wp","href":"https:\/\/api.w.org\/{rel}","templated":true}]}}