{"id":1459,"date":"2023-02-09T01:03:52","date_gmt":"2023-02-09T00:03:52","guid":{"rendered":"https:\/\/france-empires.com\/?post_type=product&#038;p=1459"},"modified":"2024-06-07T15:56:10","modified_gmt":"2024-06-07T13:56:10","slug":"heer-veste-combat-modele-1943-36-officier-pionier-ritterkreuz-des-eisernen-kreuzes","status":"publish","type":"product","link":"https:\/\/france-empires.com\/index.php\/produit\/heer-veste-combat-modele-1943-36-officier-pionier-ritterkreuz-des-eisernen-kreuzes\/","title":{"rendered":"Heer Veste combat modele 1943\/36 Officier Pionier, nominative Ritterkreuz des Eisernen Kreuzes"},"content":{"rendered":"<p>Cette superbe tunique en toile russe de fabrication terrain nous est parvenue en tr\u00e8s bel \u00e9tat. Tous les insignes sont mont\u00e9s d&rsquo;origine. Litzen canetille sur socle noir Pionier. Aigle canetille d&rsquo;officier \u00e9galement sur fond noir. Elle a des boutons de fixation de la Ritterkreuz sur le col (un manquant)<\/p>\n<p>Elle est nominative : Werner REICH. Il est titulaire de la Croix de chevalier de la croix de fer (Ritterkreuz des Eisernen Kreuzes), re\u00e7ue le 18 avril 1943.<\/p>\n<p>Voici le lien vers sa fiche traces of War:<\/p>\n<p>https:\/\/www.tracesofwar.com\/persons\/16398\/Reich-Werner-Pionier-Bataillon-5.htm<\/p>\n<p>&nbsp;<\/p>\n<p>D\u00e9p\u00f4t de particulier.<\/p>\n<p>&nbsp;<\/p>\n","protected":false},"excerpt":{"rendered":"<p>Cette superbe tunique en toile russe de fabrication terrain nous est parvenue en tr\u00e8s bel \u00e9tat. Tous les insignes sont mont\u00e9s d&rsquo;origine. Litzen canetille sur socle noir Pionier. Aigle canetille d&rsquo;officier \u00e9galement sur fond noir. Elle a des boutons de fixation de la Ritterkreuz sur le col (un manquant) Elle est&hellip;<\/p>\n","protected":false},"featured_media":1476,"template":"","meta":[],"product_brand":[],"product_cat":[47,24],"product_tag":[],"class_list":{"0":"post-1459","1":"product","2":"type-product","3":"status-publish","4":"has-post-thumbnail","6":"product_cat-uniformes-complets-et-elements-seuls","7":"product_cat-uniformes-et-coiffures","8":"pa_statut-vendu","10":"first","11":"outofstock","12":"taxable","13":"shipping-taxable","14":"product-type-simple"},"_links":{"self":[{"href":"https:\/\/france-empires.com\/index.php\/wp-json\/wp\/v2\/product\/1459","targetHints":{"allow":["GET"]}}],"collection":[{"href":"https:\/\/france-empires.com\/index.php\/wp-json\/wp\/v2\/product"}],"about":[{"href":"https:\/\/france-empires.com\/index.php\/wp-json\/wp\/v2\/types\/product"}],"wp:featuredmedia":[{"embeddable":true,"href":"https:\/\/france-empires.com\/index.php\/wp-json\/wp\/v2\/media\/1476"}],"wp:attachment":[{"href":"https:\/\/france-empires.com\/index.php\/wp-json\/wp\/v2\/media?parent=1459"}],"wp:term":[{"taxonomy":"product_brand","embeddable":true,"href":"https:\/\/france-empires.com\/index.php\/wp-json\/wp\/v2\/product_brand?post=1459"},{"taxonomy":"product_cat","embeddable":true,"href":"https:\/\/france-empires.com\/index.php\/wp-json\/wp\/v2\/product_cat?post=1459"},{"taxonomy":"product_tag","embeddable":true,"href":"https:\/\/france-empires.com\/index.php\/wp-json\/wp\/v2\/product_tag?post=1459"}],"curies":[{"name":"wp","href":"https:\/\/api.w.org\/{rel}","templated":true}]}}