{"id":1548,"date":"2023-02-11T19:49:42","date_gmt":"2023-02-11T18:49:42","guid":{"rendered":"https:\/\/france-empires.com\/?post_type=product&#038;p=1548"},"modified":"2024-04-30T15:29:49","modified_gmt":"2024-04-30T13:29:49","slug":"ww2-german-horsemans-reiter-silver-qualification-badge-badge-reiter-silber","status":"publish","type":"product","link":"https:\/\/france-empires.com\/index.php\/produit\/ww2-german-horsemans-reiter-silver-qualification-badge-badge-reiter-silber\/","title":{"rendered":"WW2 German Horsemans Reiter Silver Qualification Badge. Badge Reiter Silber."},"content":{"rendered":"<p>badge de tr\u00e8s belle qualit\u00e9 !<\/p>\n<p>Bons marquages de fabricant.<\/p>\n<p>&nbsp;<\/p>\n<p>D\u00e9p\u00f4t de particulier.<\/p>\n","protected":false},"excerpt":{"rendered":"<p>badge de tr\u00e8s belle qualit\u00e9 ! Bons marquages de fabricant. &nbsp; D\u00e9p\u00f4t de particulier.<\/p>\n","protected":false},"featured_media":1525,"template":"","meta":[],"product_brand":[],"product_cat":[19,23,42],"product_tag":[],"class_list":{"0":"post-1548","1":"product","2":"type-product","3":"status-publish","4":"has-post-thumbnail","6":"product_cat-insignes","7":"product_cat-medailles-et-decorations","8":"product_cat-militaires","9":"pa_statut-vendu","11":"first","12":"outofstock","13":"product-type-simple"},"_links":{"self":[{"href":"https:\/\/france-empires.com\/index.php\/wp-json\/wp\/v2\/product\/1548","targetHints":{"allow":["GET"]}}],"collection":[{"href":"https:\/\/france-empires.com\/index.php\/wp-json\/wp\/v2\/product"}],"about":[{"href":"https:\/\/france-empires.com\/index.php\/wp-json\/wp\/v2\/types\/product"}],"wp:featuredmedia":[{"embeddable":true,"href":"https:\/\/france-empires.com\/index.php\/wp-json\/wp\/v2\/media\/1525"}],"wp:attachment":[{"href":"https:\/\/france-empires.com\/index.php\/wp-json\/wp\/v2\/media?parent=1548"}],"wp:term":[{"taxonomy":"product_brand","embeddable":true,"href":"https:\/\/france-empires.com\/index.php\/wp-json\/wp\/v2\/product_brand?post=1548"},{"taxonomy":"product_cat","embeddable":true,"href":"https:\/\/france-empires.com\/index.php\/wp-json\/wp\/v2\/product_cat?post=1548"},{"taxonomy":"product_tag","embeddable":true,"href":"https:\/\/france-empires.com\/index.php\/wp-json\/wp\/v2\/product_tag?post=1548"}],"curies":[{"name":"wp","href":"https:\/\/api.w.org\/{rel}","templated":true}]}}