{"id":1554,"date":"2023-02-11T20:06:07","date_gmt":"2023-02-11T19:06:07","guid":{"rendered":"https:\/\/france-empires.com\/?post_type=product&#038;p=1554"},"modified":"2023-12-23T11:54:10","modified_gmt":"2023-12-23T10:54:10","slug":"allgemeines-sturmabzeichen-ohne-einsatzzahl-badge-dassaut-general","status":"publish","type":"product","link":"https:\/\/france-empires.com\/index.php\/produit\/allgemeines-sturmabzeichen-ohne-einsatzzahl-badge-dassaut-general\/","title":{"rendered":"Allgemeines Sturmabzeichen ohne Einsatzzahl. Badge d&rsquo;assaut g\u00e9n\u00e9ral"},"content":{"rendered":"<p>Badge de belle qualit\u00e9, sans marquage.<\/p>\n<p>&nbsp;<\/p>\n<p>D\u00e9p\u00f4t de particulier.<\/p>\n","protected":false},"excerpt":{"rendered":"<p>Badge de belle qualit\u00e9, sans marquage. &nbsp; D\u00e9p\u00f4t de particulier.<\/p>\n","protected":false},"featured_media":1540,"template":"","meta":[],"product_brand":[],"product_cat":[19,23,42],"product_tag":[],"class_list":{"0":"post-1554","1":"product","2":"type-product","3":"status-publish","4":"has-post-thumbnail","6":"product_cat-insignes","7":"product_cat-medailles-et-decorations","8":"product_cat-militaires","9":"pa_statut-vendu","11":"first","12":"outofstock","13":"product-type-simple"},"_links":{"self":[{"href":"https:\/\/france-empires.com\/index.php\/wp-json\/wp\/v2\/product\/1554","targetHints":{"allow":["GET"]}}],"collection":[{"href":"https:\/\/france-empires.com\/index.php\/wp-json\/wp\/v2\/product"}],"about":[{"href":"https:\/\/france-empires.com\/index.php\/wp-json\/wp\/v2\/types\/product"}],"wp:featuredmedia":[{"embeddable":true,"href":"https:\/\/france-empires.com\/index.php\/wp-json\/wp\/v2\/media\/1540"}],"wp:attachment":[{"href":"https:\/\/france-empires.com\/index.php\/wp-json\/wp\/v2\/media?parent=1554"}],"wp:term":[{"taxonomy":"product_brand","embeddable":true,"href":"https:\/\/france-empires.com\/index.php\/wp-json\/wp\/v2\/product_brand?post=1554"},{"taxonomy":"product_cat","embeddable":true,"href":"https:\/\/france-empires.com\/index.php\/wp-json\/wp\/v2\/product_cat?post=1554"},{"taxonomy":"product_tag","embeddable":true,"href":"https:\/\/france-empires.com\/index.php\/wp-json\/wp\/v2\/product_tag?post=1554"}],"curies":[{"name":"wp","href":"https:\/\/api.w.org\/{rel}","templated":true}]}}