{"id":1557,"date":"2023-02-11T20:12:47","date_gmt":"2023-02-11T19:12:47","guid":{"rendered":"https:\/\/france-empires.com\/?post_type=product&#038;p=1557"},"modified":"2024-04-30T15:30:10","modified_gmt":"2024-04-30T13:30:10","slug":"deutsches-fahrer-abzeichen-3-klasse-bronze-1930-badge-de-conducteur-de-chariot","status":"publish","type":"product","link":"https:\/\/france-empires.com\/index.php\/produit\/deutsches-fahrer-abzeichen-3-klasse-bronze-1930-badge-de-conducteur-de-chariot\/","title":{"rendered":"Deutsches Fahrer-Abzeichen 3. Klasse Bronze 1930. Badge de conducteur de chariot."},"content":{"rendered":"<p>Badge assez rare de conducteur de chariot.<\/p>\n<p>En parfait \u00e9tat, pi\u00e8ce d\u00e9finitive !<\/p>\n<p>&nbsp;<\/p>\n<p>D\u00e9p\u00f4t de particulier<\/p>\n","protected":false},"excerpt":{"rendered":"<p>Badge assez rare de conducteur de chariot. En parfait \u00e9tat, pi\u00e8ce d\u00e9finitive ! &nbsp; D\u00e9p\u00f4t de particulier<\/p>\n","protected":false},"featured_media":1533,"template":"","meta":[],"product_brand":[],"product_cat":[19,23,42],"product_tag":[],"class_list":{"0":"post-1557","1":"product","2":"type-product","3":"status-publish","4":"has-post-thumbnail","6":"product_cat-insignes","7":"product_cat-medailles-et-decorations","8":"product_cat-militaires","9":"pa_statut-vendu","11":"first","12":"outofstock","13":"product-type-simple"},"_links":{"self":[{"href":"https:\/\/france-empires.com\/index.php\/wp-json\/wp\/v2\/product\/1557","targetHints":{"allow":["GET"]}}],"collection":[{"href":"https:\/\/france-empires.com\/index.php\/wp-json\/wp\/v2\/product"}],"about":[{"href":"https:\/\/france-empires.com\/index.php\/wp-json\/wp\/v2\/types\/product"}],"wp:featuredmedia":[{"embeddable":true,"href":"https:\/\/france-empires.com\/index.php\/wp-json\/wp\/v2\/media\/1533"}],"wp:attachment":[{"href":"https:\/\/france-empires.com\/index.php\/wp-json\/wp\/v2\/media?parent=1557"}],"wp:term":[{"taxonomy":"product_brand","embeddable":true,"href":"https:\/\/france-empires.com\/index.php\/wp-json\/wp\/v2\/product_brand?post=1557"},{"taxonomy":"product_cat","embeddable":true,"href":"https:\/\/france-empires.com\/index.php\/wp-json\/wp\/v2\/product_cat?post=1557"},{"taxonomy":"product_tag","embeddable":true,"href":"https:\/\/france-empires.com\/index.php\/wp-json\/wp\/v2\/product_tag?post=1557"}],"curies":[{"name":"wp","href":"https:\/\/api.w.org\/{rel}","templated":true}]}}