{"id":1559,"date":"2023-02-11T20:18:03","date_gmt":"2023-02-11T19:18:03","guid":{"rendered":"https:\/\/france-empires.com\/?post_type=product&#038;p=1559"},"modified":"2023-03-07T19:07:53","modified_gmt":"2023-03-07T18:07:53","slug":"kriegsabzeichen-der-marine-artillerie-badge-artillerie-cotiere","status":"publish","type":"product","link":"https:\/\/france-empires.com\/index.php\/produit\/kriegsabzeichen-der-marine-artillerie-badge-artillerie-cotiere\/","title":{"rendered":"Kriegsabzeichen der Marine-Artillerie. Badge artillerie c\u00f4ti\u00e8re."},"content":{"rendered":"<p>Badge de belle qualit\u00e9, \u00e9tat d&rsquo;usage.<\/p>\n<p>&nbsp;<\/p>\n<p>D\u00e9p\u00f4t de particulier.<\/p>\n<p>&nbsp;<\/p>\n<p>&nbsp;<\/p>\n","protected":false},"excerpt":{"rendered":"<p>Badge de belle qualit\u00e9, \u00e9tat d&rsquo;usage. &nbsp; D\u00e9p\u00f4t de particulier. &nbsp; &nbsp;<\/p>\n","protected":false},"featured_media":1539,"template":"","meta":[],"product_brand":[],"product_cat":[19,23,42],"product_tag":[],"class_list":{"0":"post-1559","1":"product","2":"type-product","3":"status-publish","4":"has-post-thumbnail","6":"product_cat-insignes","7":"product_cat-medailles-et-decorations","8":"product_cat-militaires","9":"pa_statut-vendu","11":"first","12":"outofstock","13":"product-type-simple"},"_links":{"self":[{"href":"https:\/\/france-empires.com\/index.php\/wp-json\/wp\/v2\/product\/1559","targetHints":{"allow":["GET"]}}],"collection":[{"href":"https:\/\/france-empires.com\/index.php\/wp-json\/wp\/v2\/product"}],"about":[{"href":"https:\/\/france-empires.com\/index.php\/wp-json\/wp\/v2\/types\/product"}],"wp:featuredmedia":[{"embeddable":true,"href":"https:\/\/france-empires.com\/index.php\/wp-json\/wp\/v2\/media\/1539"}],"wp:attachment":[{"href":"https:\/\/france-empires.com\/index.php\/wp-json\/wp\/v2\/media?parent=1559"}],"wp:term":[{"taxonomy":"product_brand","embeddable":true,"href":"https:\/\/france-empires.com\/index.php\/wp-json\/wp\/v2\/product_brand?post=1559"},{"taxonomy":"product_cat","embeddable":true,"href":"https:\/\/france-empires.com\/index.php\/wp-json\/wp\/v2\/product_cat?post=1559"},{"taxonomy":"product_tag","embeddable":true,"href":"https:\/\/france-empires.com\/index.php\/wp-json\/wp\/v2\/product_tag?post=1559"}],"curies":[{"name":"wp","href":"https:\/\/api.w.org\/{rel}","templated":true}]}}