{"id":1568,"date":"2023-02-11T21:09:52","date_gmt":"2023-02-11T20:09:52","guid":{"rendered":"https:\/\/france-empires.com\/?post_type=product&#038;p=1568"},"modified":"2024-06-07T15:56:41","modified_gmt":"2024-06-07T13:56:41","slug":"sac-deja-pain-brotbeutel-ww2","status":"publish","type":"product","link":"https:\/\/france-empires.com\/index.php\/produit\/sac-deja-pain-brotbeutel-ww2\/","title":{"rendered":"Sac deja pain \u00ab\u00a0Brotbeutel\u00a0\u00bb ww2"},"content":{"rendered":"<p>Ce Brotbeutel est en bon \u00e9tat, parfait pour monter sur mannequin. L\u00e9g\u00e8rement d\u00e9chir\u00e9 a l&rsquo;arriere.<\/p>\n<p>Pas de marquages.<\/p>\n<p>&nbsp;<\/p>\n<p>D\u00e9p\u00f4t de particulier<\/p>\n","protected":false},"excerpt":{"rendered":"<p>Ce Brotbeutel est en bon \u00e9tat, parfait pour monter sur mannequin. L\u00e9g\u00e8rement d\u00e9chir\u00e9 a l&rsquo;arriere. Pas de marquages. &nbsp; D\u00e9p\u00f4t de particulier<\/p>\n","protected":false},"featured_media":1569,"template":"","meta":[],"product_brand":[],"product_cat":[25,51],"product_tag":[],"class_list":{"0":"post-1568","1":"product","2":"type-product","3":"status-publish","4":"has-post-thumbnail","6":"product_cat-equipements","7":"product_cat-equipements-du-soldat-pour-le-combat-ceinturons-cartouchieres-sac-a-dos-etc","8":"pa_statut-vendu","10":"first","11":"outofstock","12":"product-type-simple"},"_links":{"self":[{"href":"https:\/\/france-empires.com\/index.php\/wp-json\/wp\/v2\/product\/1568","targetHints":{"allow":["GET"]}}],"collection":[{"href":"https:\/\/france-empires.com\/index.php\/wp-json\/wp\/v2\/product"}],"about":[{"href":"https:\/\/france-empires.com\/index.php\/wp-json\/wp\/v2\/types\/product"}],"wp:featuredmedia":[{"embeddable":true,"href":"https:\/\/france-empires.com\/index.php\/wp-json\/wp\/v2\/media\/1569"}],"wp:attachment":[{"href":"https:\/\/france-empires.com\/index.php\/wp-json\/wp\/v2\/media?parent=1568"}],"wp:term":[{"taxonomy":"product_brand","embeddable":true,"href":"https:\/\/france-empires.com\/index.php\/wp-json\/wp\/v2\/product_brand?post=1568"},{"taxonomy":"product_cat","embeddable":true,"href":"https:\/\/france-empires.com\/index.php\/wp-json\/wp\/v2\/product_cat?post=1568"},{"taxonomy":"product_tag","embeddable":true,"href":"https:\/\/france-empires.com\/index.php\/wp-json\/wp\/v2\/product_tag?post=1568"}],"curies":[{"name":"wp","href":"https:\/\/api.w.org\/{rel}","templated":true}]}}