{"id":1584,"date":"2023-02-11T21:42:00","date_gmt":"2023-02-11T20:42:00","guid":{"rendered":"https:\/\/france-empires.com\/?post_type=product&#038;p=1584"},"modified":"2023-03-07T19:10:00","modified_gmt":"2023-03-07T18:10:00","slug":"prisoners-parcel-colis-de-prisonier-red-cross-croix-rouge","status":"publish","type":"product","link":"https:\/\/france-empires.com\/index.php\/produit\/prisoners-parcel-colis-de-prisonier-red-cross-croix-rouge\/","title":{"rendered":"Prisoner&rsquo;s parcel \/ Colis de prisonnier, Red Cross \/ Croix Rouge"},"content":{"rendered":"<p>Colis en carton destin\u00e9 a l&rsquo;envoi aux prisonniers de petits objets et de nourriture.<\/p>\n<p>Mod\u00e8le de la British Red Cross Society, Scottish Branch.<\/p>\n<p>Ces colis transitaient par la Suisse avant de passer en Allemagne.<\/p>\n<p>Piece \u00e9mouvante, rare a trouver et en TBE.<\/p>\n<p>&nbsp;<\/p>\n<p>D\u00e9p\u00f4t de particulier.<\/p>\n","protected":false},"excerpt":{"rendered":"<p>Colis en carton destin\u00e9 a l&rsquo;envoi aux prisonniers de petits objets et de nourriture. Mod\u00e8le de la British Red Cross Society, Scottish Branch. Ces colis transitaient par la Suisse avant de passer en Allemagne. Piece \u00e9mouvante, rare a trouver et en TBE. &nbsp; D\u00e9p\u00f4t de particulier.<\/p>\n","protected":false},"featured_media":1589,"template":"","meta":[],"product_brand":[],"product_cat":[28,53,25,52],"product_tag":[],"class_list":{"0":"post-1584","1":"product","2":"type-product","3":"status-publish","4":"has-post-thumbnail","6":"product_cat-antiquites-et-autres-collections","7":"product_cat-autres-equipements-individuels-et-collectifs","8":"product_cat-equipements","9":"product_cat-petit-equipement-tabac-toilette-etc","10":"pa_statut-vendu","12":"first","13":"outofstock","14":"purchasable","15":"product-type-simple"},"_links":{"self":[{"href":"https:\/\/france-empires.com\/index.php\/wp-json\/wp\/v2\/product\/1584","targetHints":{"allow":["GET"]}}],"collection":[{"href":"https:\/\/france-empires.com\/index.php\/wp-json\/wp\/v2\/product"}],"about":[{"href":"https:\/\/france-empires.com\/index.php\/wp-json\/wp\/v2\/types\/product"}],"wp:featuredmedia":[{"embeddable":true,"href":"https:\/\/france-empires.com\/index.php\/wp-json\/wp\/v2\/media\/1589"}],"wp:attachment":[{"href":"https:\/\/france-empires.com\/index.php\/wp-json\/wp\/v2\/media?parent=1584"}],"wp:term":[{"taxonomy":"product_brand","embeddable":true,"href":"https:\/\/france-empires.com\/index.php\/wp-json\/wp\/v2\/product_brand?post=1584"},{"taxonomy":"product_cat","embeddable":true,"href":"https:\/\/france-empires.com\/index.php\/wp-json\/wp\/v2\/product_cat?post=1584"},{"taxonomy":"product_tag","embeddable":true,"href":"https:\/\/france-empires.com\/index.php\/wp-json\/wp\/v2\/product_tag?post=1584"}],"curies":[{"name":"wp","href":"https:\/\/api.w.org\/{rel}","templated":true}]}}