{"id":1593,"date":"2023-02-11T21:47:48","date_gmt":"2023-02-11T20:47:48","guid":{"rendered":"https:\/\/france-empires.com\/?post_type=product&#038;p=1593"},"modified":"2023-03-07T19:10:28","modified_gmt":"2023-03-07T18:10:28","slug":"prisoner-of-war-food-parcel-colis-de-prisonnier-red-cross-croix-rouge","status":"publish","type":"product","link":"https:\/\/france-empires.com\/index.php\/produit\/prisoner-of-war-food-parcel-colis-de-prisonnier-red-cross-croix-rouge\/","title":{"rendered":"Prisoner of War Food Parcel \/ Colis de prisonnier, Red Cross \/ Croix Rouge"},"content":{"rendered":"<p>Colis en carton destin\u00e9 a l&rsquo;envoi aux prisonniers de petits objets et de nourriture.<\/p>\n<p>Mod\u00e8le de la Canadian Red Cross.<\/p>\n<p>Ces colis transitaient par la Suisse avant de passer en Allemagne.<\/p>\n<p>Piece \u00e9mouvante, rare a trouver et en TBE.<\/p>\n<p>&nbsp;<\/p>\n<p>D\u00e9p\u00f4t de particulier.<\/p>\n","protected":false},"excerpt":{"rendered":"<p>Colis en carton destin\u00e9 a l&rsquo;envoi aux prisonniers de petits objets et de nourriture. Mod\u00e8le de la Canadian Red Cross. Ces colis transitaient par la Suisse avant de passer en Allemagne. Piece \u00e9mouvante, rare a trouver et en TBE. &nbsp; D\u00e9p\u00f4t de particulier.<\/p>\n","protected":false},"featured_media":1591,"template":"","meta":[],"product_brand":[],"product_cat":[53,25,52],"product_tag":[],"class_list":{"0":"post-1593","1":"product","2":"type-product","3":"status-publish","4":"has-post-thumbnail","6":"product_cat-autres-equipements-individuels-et-collectifs","7":"product_cat-equipements","8":"product_cat-petit-equipement-tabac-toilette-etc","9":"pa_statut-vendu","11":"first","12":"outofstock","13":"product-type-simple"},"_links":{"self":[{"href":"https:\/\/france-empires.com\/index.php\/wp-json\/wp\/v2\/product\/1593","targetHints":{"allow":["GET"]}}],"collection":[{"href":"https:\/\/france-empires.com\/index.php\/wp-json\/wp\/v2\/product"}],"about":[{"href":"https:\/\/france-empires.com\/index.php\/wp-json\/wp\/v2\/types\/product"}],"wp:featuredmedia":[{"embeddable":true,"href":"https:\/\/france-empires.com\/index.php\/wp-json\/wp\/v2\/media\/1591"}],"wp:attachment":[{"href":"https:\/\/france-empires.com\/index.php\/wp-json\/wp\/v2\/media?parent=1593"}],"wp:term":[{"taxonomy":"product_brand","embeddable":true,"href":"https:\/\/france-empires.com\/index.php\/wp-json\/wp\/v2\/product_brand?post=1593"},{"taxonomy":"product_cat","embeddable":true,"href":"https:\/\/france-empires.com\/index.php\/wp-json\/wp\/v2\/product_cat?post=1593"},{"taxonomy":"product_tag","embeddable":true,"href":"https:\/\/france-empires.com\/index.php\/wp-json\/wp\/v2\/product_tag?post=1593"}],"curies":[{"name":"wp","href":"https:\/\/api.w.org\/{rel}","templated":true}]}}