{"id":1639,"date":"2023-02-11T22:36:49","date_gmt":"2023-02-11T21:36:49","guid":{"rendered":"https:\/\/france-empires.com\/?post_type=product&#038;p=1639"},"modified":"2023-11-12T23:28:03","modified_gmt":"2023-11-12T22:28:03","slug":"culotte-motard-gb-dispatch-rider-trousers","status":"publish","type":"product","link":"https:\/\/france-empires.com\/index.php\/produit\/culotte-motard-gb-dispatch-rider-trousers\/","title":{"rendered":"Culotte motard GB. Dispatch Rider trousers."},"content":{"rendered":"<p>Culotte de motard GB ww2<\/p>\n<p>Marquage interne WD.<\/p>\n<p>Etiquette encore pr\u00e9sente.<\/p>\n<p>Port\u00e9e mais tr\u00e8s bon \u00e9tat.<\/p>\n<p>&nbsp;<\/p>\n<p>D\u00e9p\u00f4t de particulier.<\/p>\n","protected":false},"excerpt":{"rendered":"<p>Culotte de motard GB ww2 Marquage interne WD. Etiquette encore pr\u00e9sente. Port\u00e9e mais tr\u00e8s bon \u00e9tat. &nbsp; D\u00e9p\u00f4t de particulier.<\/p>\n","protected":false},"featured_media":1643,"template":"","meta":[],"product_brand":[],"product_cat":[47,24],"product_tag":[],"class_list":{"0":"post-1639","1":"product","2":"type-product","3":"status-publish","4":"has-post-thumbnail","6":"product_cat-uniformes-complets-et-elements-seuls","7":"product_cat-uniformes-et-coiffures","8":"pa_statut-vendu","10":"first","11":"outofstock","12":"product-type-simple"},"_links":{"self":[{"href":"https:\/\/france-empires.com\/index.php\/wp-json\/wp\/v2\/product\/1639","targetHints":{"allow":["GET"]}}],"collection":[{"href":"https:\/\/france-empires.com\/index.php\/wp-json\/wp\/v2\/product"}],"about":[{"href":"https:\/\/france-empires.com\/index.php\/wp-json\/wp\/v2\/types\/product"}],"wp:featuredmedia":[{"embeddable":true,"href":"https:\/\/france-empires.com\/index.php\/wp-json\/wp\/v2\/media\/1643"}],"wp:attachment":[{"href":"https:\/\/france-empires.com\/index.php\/wp-json\/wp\/v2\/media?parent=1639"}],"wp:term":[{"taxonomy":"product_brand","embeddable":true,"href":"https:\/\/france-empires.com\/index.php\/wp-json\/wp\/v2\/product_brand?post=1639"},{"taxonomy":"product_cat","embeddable":true,"href":"https:\/\/france-empires.com\/index.php\/wp-json\/wp\/v2\/product_cat?post=1639"},{"taxonomy":"product_tag","embeddable":true,"href":"https:\/\/france-empires.com\/index.php\/wp-json\/wp\/v2\/product_tag?post=1639"}],"curies":[{"name":"wp","href":"https:\/\/api.w.org\/{rel}","templated":true}]}}