{"id":1646,"date":"2023-02-11T22:49:01","date_gmt":"2023-02-11T21:49:01","guid":{"rendered":"https:\/\/france-empires.com\/?post_type=product&#038;p=1646"},"modified":"2023-04-04T22:22:33","modified_gmt":"2023-04-04T20:22:33","slug":"stiefelhose-culotte-dofficier-2-wk","status":"publish","type":"product","link":"https:\/\/france-empires.com\/index.php\/produit\/stiefelhose-culotte-dofficier-2-wk\/","title":{"rendered":"Stiefelhose. Culotte d&rsquo;officier 2.WK"},"content":{"rendered":"<p>Culotte d&rsquo;officier, basan\u00e9e a l&rsquo;entre-jambes<\/p>\n<p>Parfaite de forme et en \u00e9tat tr\u00e8s correct bien que port\u00e9e.<\/p>\n<p>A noter une tache en bord de basane cuir.<\/p>\n<p>Nominative et dat\u00e9e 1939.<\/p>\n<p>Tr\u00e8s bonne Piece.<\/p>\n<p>&nbsp;<\/p>\n<p>D\u00e9p\u00f4t de particulier.<\/p>\n","protected":false},"excerpt":{"rendered":"<p>Culotte d&rsquo;officier, basan\u00e9e a l&rsquo;entre-jambes Parfaite de forme et en \u00e9tat tr\u00e8s correct bien que port\u00e9e. A noter une tache en bord de basane cuir. Nominative et dat\u00e9e 1939. Tr\u00e8s bonne Piece. &nbsp; D\u00e9p\u00f4t de particulier.<\/p>\n","protected":false},"featured_media":1649,"template":"","meta":[],"product_brand":[],"product_cat":[47,24],"product_tag":[],"class_list":{"0":"post-1646","1":"product","2":"type-product","3":"status-publish","4":"has-post-thumbnail","6":"product_cat-uniformes-complets-et-elements-seuls","7":"product_cat-uniformes-et-coiffures","8":"pa_statut-vendu","10":"first","11":"outofstock","12":"product-type-simple"},"_links":{"self":[{"href":"https:\/\/france-empires.com\/index.php\/wp-json\/wp\/v2\/product\/1646","targetHints":{"allow":["GET"]}}],"collection":[{"href":"https:\/\/france-empires.com\/index.php\/wp-json\/wp\/v2\/product"}],"about":[{"href":"https:\/\/france-empires.com\/index.php\/wp-json\/wp\/v2\/types\/product"}],"wp:featuredmedia":[{"embeddable":true,"href":"https:\/\/france-empires.com\/index.php\/wp-json\/wp\/v2\/media\/1649"}],"wp:attachment":[{"href":"https:\/\/france-empires.com\/index.php\/wp-json\/wp\/v2\/media?parent=1646"}],"wp:term":[{"taxonomy":"product_brand","embeddable":true,"href":"https:\/\/france-empires.com\/index.php\/wp-json\/wp\/v2\/product_brand?post=1646"},{"taxonomy":"product_cat","embeddable":true,"href":"https:\/\/france-empires.com\/index.php\/wp-json\/wp\/v2\/product_cat?post=1646"},{"taxonomy":"product_tag","embeddable":true,"href":"https:\/\/france-empires.com\/index.php\/wp-json\/wp\/v2\/product_tag?post=1646"}],"curies":[{"name":"wp","href":"https:\/\/api.w.org\/{rel}","templated":true}]}}