{"id":1664,"date":"2023-02-11T22:58:17","date_gmt":"2023-02-11T21:58:17","guid":{"rendered":"https:\/\/france-empires.com\/?post_type=product&#038;p=1664"},"modified":"2023-06-04T16:43:15","modified_gmt":"2023-06-04T14:43:15","slug":"gants-officier-allemand-ww2","status":"publish","type":"product","link":"https:\/\/france-empires.com\/index.php\/produit\/gants-officier-allemand-ww2\/","title":{"rendered":"Gants officier allemand ww2"},"content":{"rendered":"<p>Paire de gants en cuir gris d&rsquo;officier.<\/p>\n<p>Tr\u00e8s bon \u00e9tat et bonne taille.<\/p>\n<p>&nbsp;<\/p>\n<p>D\u00e9p\u00f4t de particulier.<\/p>\n","protected":false},"excerpt":{"rendered":"<p>Paire de gants en cuir gris d&rsquo;officier. Tr\u00e8s bon \u00e9tat et bonne taille. &nbsp; D\u00e9p\u00f4t de particulier.<\/p>\n","protected":false},"featured_media":1667,"template":"","meta":[],"product_brand":[],"product_cat":[50,24],"product_tag":[],"class_list":{"0":"post-1664","1":"product","2":"type-product","3":"status-publish","4":"has-post-thumbnail","6":"product_cat-autres-accessoires-et-pieces-detachees-duniformes","7":"product_cat-uniformes-et-coiffures","8":"pa_statut-vendu","10":"first","11":"outofstock","12":"product-type-simple"},"_links":{"self":[{"href":"https:\/\/france-empires.com\/index.php\/wp-json\/wp\/v2\/product\/1664","targetHints":{"allow":["GET"]}}],"collection":[{"href":"https:\/\/france-empires.com\/index.php\/wp-json\/wp\/v2\/product"}],"about":[{"href":"https:\/\/france-empires.com\/index.php\/wp-json\/wp\/v2\/types\/product"}],"wp:featuredmedia":[{"embeddable":true,"href":"https:\/\/france-empires.com\/index.php\/wp-json\/wp\/v2\/media\/1667"}],"wp:attachment":[{"href":"https:\/\/france-empires.com\/index.php\/wp-json\/wp\/v2\/media?parent=1664"}],"wp:term":[{"taxonomy":"product_brand","embeddable":true,"href":"https:\/\/france-empires.com\/index.php\/wp-json\/wp\/v2\/product_brand?post=1664"},{"taxonomy":"product_cat","embeddable":true,"href":"https:\/\/france-empires.com\/index.php\/wp-json\/wp\/v2\/product_cat?post=1664"},{"taxonomy":"product_tag","embeddable":true,"href":"https:\/\/france-empires.com\/index.php\/wp-json\/wp\/v2\/product_tag?post=1664"}],"curies":[{"name":"wp","href":"https:\/\/api.w.org\/{rel}","templated":true}]}}