{"id":1693,"date":"2023-02-11T23:32:30","date_gmt":"2023-02-11T22:32:30","guid":{"rendered":"https:\/\/france-empires.com\/?post_type=product&#038;p=1693"},"modified":"2024-06-07T15:58:40","modified_gmt":"2024-06-07T13:58:40","slug":"jumelles-dienstglas-6x30-bmk","status":"publish","type":"product","link":"https:\/\/france-empires.com\/index.php\/produit\/jumelles-dienstglas-6x30-bmk\/","title":{"rendered":"Jumelles dienstglas 6&#215;30 \u00ab\u00a0bmk\u00a0\u00bb"},"content":{"rendered":"<p>Tr\u00e8s belle paire de jumelles allemandes Dienstglas \u00ab 6&#215;30 \u00bb, fabrication \u00ab bmk. \u00bb. Les optiques sont claires. Elles sont en bon \u00e9tat g\u00e9n\u00e9ral, livr\u00e9es avec une sangle de transport en cuir<\/p>\n","protected":false},"excerpt":{"rendered":"<p>Tr\u00e8s belle paire de jumelles allemandes Dienstglas \u00ab 6&#215;30 \u00bb, fabrication \u00ab bmk. \u00bb. Les optiques sont claires. Elles sont en bon \u00e9tat g\u00e9n\u00e9ral, livr\u00e9es avec une sangle de transport en cuir<\/p>\n","protected":false},"featured_media":1698,"template":"","meta":[],"product_brand":[],"product_cat":[53,25,51,54],"product_tag":[],"class_list":{"0":"post-1693","1":"product","2":"type-product","3":"status-publish","4":"has-post-thumbnail","6":"product_cat-autres-equipements-individuels-et-collectifs","7":"product_cat-equipements","8":"product_cat-equipements-du-soldat-pour-le-combat-ceinturons-cartouchieres-sac-a-dos-etc","9":"product_cat-equipements-techniques-radios-detecteurs-etc","10":"pa_statut-vendu","12":"first","13":"outofstock","14":"product-type-simple"},"_links":{"self":[{"href":"https:\/\/france-empires.com\/index.php\/wp-json\/wp\/v2\/product\/1693","targetHints":{"allow":["GET"]}}],"collection":[{"href":"https:\/\/france-empires.com\/index.php\/wp-json\/wp\/v2\/product"}],"about":[{"href":"https:\/\/france-empires.com\/index.php\/wp-json\/wp\/v2\/types\/product"}],"wp:featuredmedia":[{"embeddable":true,"href":"https:\/\/france-empires.com\/index.php\/wp-json\/wp\/v2\/media\/1698"}],"wp:attachment":[{"href":"https:\/\/france-empires.com\/index.php\/wp-json\/wp\/v2\/media?parent=1693"}],"wp:term":[{"taxonomy":"product_brand","embeddable":true,"href":"https:\/\/france-empires.com\/index.php\/wp-json\/wp\/v2\/product_brand?post=1693"},{"taxonomy":"product_cat","embeddable":true,"href":"https:\/\/france-empires.com\/index.php\/wp-json\/wp\/v2\/product_cat?post=1693"},{"taxonomy":"product_tag","embeddable":true,"href":"https:\/\/france-empires.com\/index.php\/wp-json\/wp\/v2\/product_tag?post=1693"}],"curies":[{"name":"wp","href":"https:\/\/api.w.org\/{rel}","templated":true}]}}