{"id":1714,"date":"2023-02-11T23:56:01","date_gmt":"2023-02-11T22:56:01","guid":{"rendered":"https:\/\/france-empires.com\/?post_type=product&#038;p=1714"},"modified":"2023-07-11T21:57:59","modified_gmt":"2023-07-11T19:57:59","slug":"wh-masque-de-protection-modele-1938","status":"publish","type":"product","link":"https:\/\/france-empires.com\/index.php\/produit\/wh-masque-de-protection-modele-1938\/","title":{"rendered":"WH Masque de Protection Mod\u00e8le 1938"},"content":{"rendered":"<p>Bon mod\u00e8le, avec sangles, araign\u00e9e, chiffon et verres de rechange. Modification terrain de la sangle courte pour accrocher au ceinturon.<\/p>\n<p>Nominatif \u00ab\u00a0Richter\u00a0\u00bb L.04194 Lg.Pa.Paris<\/p>\n<p>Provenance Dinan, Bretagne.<\/p>\n<p>Feldpost:<\/p>\n<p>(Mobilmachung-1.1.1940) 19. Kompanie Sperr-Bataillon 3,<br \/>\n(2.1.1940-27.4.1940) gestrichen,<br \/>\n(28.4.1940-14.9.1940) 8. Kompanie Luftgau-Nachrichten-Regiment 8,<br \/>\ndann 10. Kompanie Luftgau-Nachrichten-Regiment Holland,<br \/>\n(12.7.1941-26.1.1942) 13. Kompanie Luftgau-Nachrichten-Regiment Westfrankreich,<br \/>\n(7.11.1944-Kriegsende) 16.2.1945 gestrichen.<\/p>\n","protected":false},"excerpt":{"rendered":"<p>Bon mod\u00e8le, avec sangles, araign\u00e9e, chiffon et verres de rechange. Modification terrain de la sangle courte pour accrocher au ceinturon. Nominatif \u00ab\u00a0Richter\u00a0\u00bb L.04194 Lg.Pa.Paris Provenance Dinan, Bretagne. Feldpost: (Mobilmachung-1.1.1940) 19. Kompanie Sperr-Bataillon 3, (2.1.1940-27.4.1940) gestrichen, (28.4.1940-14.9.1940) 8. Kompanie Luftgau-Nachrichten-Regiment 8, dann 10. Kompanie Luftgau-Nachrichten-Regiment Holland, (12.7.1941-26.1.1942) 13. Kompanie Luftgau-Nachrichten-Regiment Westfrankreich, (7.11.1944-Kriegsende)&hellip;<\/p>\n","protected":false},"featured_media":1723,"template":"","meta":[],"product_brand":[],"product_cat":[25,51],"product_tag":[],"class_list":{"0":"post-1714","1":"product","2":"type-product","3":"status-publish","4":"has-post-thumbnail","6":"product_cat-equipements","7":"product_cat-equipements-du-soldat-pour-le-combat-ceinturons-cartouchieres-sac-a-dos-etc","8":"pa_statut-vendu","10":"first","11":"outofstock","12":"product-type-simple"},"_links":{"self":[{"href":"https:\/\/france-empires.com\/index.php\/wp-json\/wp\/v2\/product\/1714","targetHints":{"allow":["GET"]}}],"collection":[{"href":"https:\/\/france-empires.com\/index.php\/wp-json\/wp\/v2\/product"}],"about":[{"href":"https:\/\/france-empires.com\/index.php\/wp-json\/wp\/v2\/types\/product"}],"wp:featuredmedia":[{"embeddable":true,"href":"https:\/\/france-empires.com\/index.php\/wp-json\/wp\/v2\/media\/1723"}],"wp:attachment":[{"href":"https:\/\/france-empires.com\/index.php\/wp-json\/wp\/v2\/media?parent=1714"}],"wp:term":[{"taxonomy":"product_brand","embeddable":true,"href":"https:\/\/france-empires.com\/index.php\/wp-json\/wp\/v2\/product_brand?post=1714"},{"taxonomy":"product_cat","embeddable":true,"href":"https:\/\/france-empires.com\/index.php\/wp-json\/wp\/v2\/product_cat?post=1714"},{"taxonomy":"product_tag","embeddable":true,"href":"https:\/\/france-empires.com\/index.php\/wp-json\/wp\/v2\/product_tag?post=1714"}],"curies":[{"name":"wp","href":"https:\/\/api.w.org\/{rel}","templated":true}]}}