{"id":1740,"date":"2023-02-12T00:22:59","date_gmt":"2023-02-11T23:22:59","guid":{"rendered":"https:\/\/france-empires.com\/?post_type=product&#038;p=1740"},"modified":"2024-06-07T16:01:45","modified_gmt":"2024-06-07T14:01:45","slug":"sac-de-paquetage-anglais-1944","status":"publish","type":"product","link":"https:\/\/france-empires.com\/index.php\/produit\/sac-de-paquetage-anglais-1944\/","title":{"rendered":"Sac de paquetage Anglais 1944"},"content":{"rendered":"<p>Sac en TBE et propre, fonctionnel.<\/p>\n<p>Bien marqu\u00e9 et dat\u00e9 1944<\/p>\n<p>&nbsp;<\/p>\n<p>D\u00e9p\u00f4t de particulier<\/p>\n","protected":false},"excerpt":{"rendered":"<p>Sac en TBE et propre, fonctionnel. Bien marqu\u00e9 et dat\u00e9 1944 &nbsp; D\u00e9p\u00f4t de particulier<\/p>\n","protected":false},"featured_media":1741,"template":"","meta":[],"product_brand":[],"product_cat":[53,25],"product_tag":[],"class_list":{"0":"post-1740","1":"product","2":"type-product","3":"status-publish","4":"has-post-thumbnail","6":"product_cat-autres-equipements-individuels-et-collectifs","7":"product_cat-equipements","8":"pa_statut-vendu","10":"first","11":"outofstock","12":"product-type-simple"},"_links":{"self":[{"href":"https:\/\/france-empires.com\/index.php\/wp-json\/wp\/v2\/product\/1740","targetHints":{"allow":["GET"]}}],"collection":[{"href":"https:\/\/france-empires.com\/index.php\/wp-json\/wp\/v2\/product"}],"about":[{"href":"https:\/\/france-empires.com\/index.php\/wp-json\/wp\/v2\/types\/product"}],"wp:featuredmedia":[{"embeddable":true,"href":"https:\/\/france-empires.com\/index.php\/wp-json\/wp\/v2\/media\/1741"}],"wp:attachment":[{"href":"https:\/\/france-empires.com\/index.php\/wp-json\/wp\/v2\/media?parent=1740"}],"wp:term":[{"taxonomy":"product_brand","embeddable":true,"href":"https:\/\/france-empires.com\/index.php\/wp-json\/wp\/v2\/product_brand?post=1740"},{"taxonomy":"product_cat","embeddable":true,"href":"https:\/\/france-empires.com\/index.php\/wp-json\/wp\/v2\/product_cat?post=1740"},{"taxonomy":"product_tag","embeddable":true,"href":"https:\/\/france-empires.com\/index.php\/wp-json\/wp\/v2\/product_tag?post=1740"}],"curies":[{"name":"wp","href":"https:\/\/api.w.org\/{rel}","templated":true}]}}