{"id":1748,"date":"2023-02-12T00:27:10","date_gmt":"2023-02-11T23:27:10","guid":{"rendered":"https:\/\/france-empires.com\/?post_type=product&#038;p=1748"},"modified":"2024-06-07T16:02:15","modified_gmt":"2024-06-07T14:02:15","slug":"lot-de-4-pansements-gb-ww2","status":"publish","type":"product","link":"https:\/\/france-empires.com\/index.php\/produit\/lot-de-4-pansements-gb-ww2\/","title":{"rendered":"Lot de 3 pansements GB ww2"},"content":{"rendered":"<p>Lot de\u00a0 pansements GB de diff\u00e9rents mod\u00e8les<\/p>\n<p>Bien marqu\u00e9s et dat\u00e9s.<\/p>\n<p>Le pansement au milieu a gauche ne fait pas partie du lot.<\/p>\n<p>&nbsp;<\/p>\n<p>D\u00e9p\u00f4t de particulier.<\/p>\n","protected":false},"excerpt":{"rendered":"<p>Lot de\u00a0 pansements GB de diff\u00e9rents mod\u00e8les Bien marqu\u00e9s et dat\u00e9s. Le pansement au milieu a gauche ne fait pas partie du lot. &nbsp; D\u00e9p\u00f4t de particulier.<\/p>\n","protected":false},"featured_media":1749,"template":"","meta":[],"product_brand":[],"product_cat":[53,25,52],"product_tag":[],"class_list":{"0":"post-1748","1":"product","2":"type-product","3":"status-publish","4":"has-post-thumbnail","6":"product_cat-autres-equipements-individuels-et-collectifs","7":"product_cat-equipements","8":"product_cat-petit-equipement-tabac-toilette-etc","9":"pa_statut-vendu","11":"first","12":"outofstock","13":"product-type-simple"},"_links":{"self":[{"href":"https:\/\/france-empires.com\/index.php\/wp-json\/wp\/v2\/product\/1748","targetHints":{"allow":["GET"]}}],"collection":[{"href":"https:\/\/france-empires.com\/index.php\/wp-json\/wp\/v2\/product"}],"about":[{"href":"https:\/\/france-empires.com\/index.php\/wp-json\/wp\/v2\/types\/product"}],"wp:featuredmedia":[{"embeddable":true,"href":"https:\/\/france-empires.com\/index.php\/wp-json\/wp\/v2\/media\/1749"}],"wp:attachment":[{"href":"https:\/\/france-empires.com\/index.php\/wp-json\/wp\/v2\/media?parent=1748"}],"wp:term":[{"taxonomy":"product_brand","embeddable":true,"href":"https:\/\/france-empires.com\/index.php\/wp-json\/wp\/v2\/product_brand?post=1748"},{"taxonomy":"product_cat","embeddable":true,"href":"https:\/\/france-empires.com\/index.php\/wp-json\/wp\/v2\/product_cat?post=1748"},{"taxonomy":"product_tag","embeddable":true,"href":"https:\/\/france-empires.com\/index.php\/wp-json\/wp\/v2\/product_tag?post=1748"}],"curies":[{"name":"wp","href":"https:\/\/api.w.org\/{rel}","templated":true}]}}