{"id":1777,"date":"2023-02-12T00:51:24","date_gmt":"2023-02-11T23:51:24","guid":{"rendered":"https:\/\/france-empires.com\/?post_type=product&#038;p=1777"},"modified":"2024-06-07T16:03:49","modified_gmt":"2024-06-07T14:03:49","slug":"sac-a-thermos-gb-ww2","status":"publish","type":"product","link":"https:\/\/france-empires.com\/index.php\/produit\/sac-a-thermos-gb-ww2\/","title":{"rendered":"Sac a thermos GB ww2"},"content":{"rendered":"<p>Sac destin\u00e9 a transporter deux gros thermos<\/p>\n<p>Webbing pattern 37.<\/p>\n<p>Bien dat\u00e9 1940.<\/p>\n<p>Vendu seul, sans le contenu. Un thermos est vendu dans une autre annonce.<\/p>\n<p>&nbsp;<\/p>\n<p>D\u00e9p\u00f4t de particulier<\/p>\n","protected":false},"excerpt":{"rendered":"<p>Sac destin\u00e9 a transporter deux gros thermos Webbing pattern 37. Bien dat\u00e9 1940. Vendu seul, sans le contenu. Un thermos est vendu dans une autre annonce. &nbsp; D\u00e9p\u00f4t de particulier<\/p>\n","protected":false},"featured_media":1779,"template":"","meta":[],"product_brand":[],"product_cat":[53,25,51],"product_tag":[],"class_list":{"0":"post-1777","1":"product","2":"type-product","3":"status-publish","4":"has-post-thumbnail","6":"product_cat-autres-equipements-individuels-et-collectifs","7":"product_cat-equipements","8":"product_cat-equipements-du-soldat-pour-le-combat-ceinturons-cartouchieres-sac-a-dos-etc","9":"pa_statut-vendu","11":"first","12":"outofstock","13":"product-type-simple"},"_links":{"self":[{"href":"https:\/\/france-empires.com\/index.php\/wp-json\/wp\/v2\/product\/1777","targetHints":{"allow":["GET"]}}],"collection":[{"href":"https:\/\/france-empires.com\/index.php\/wp-json\/wp\/v2\/product"}],"about":[{"href":"https:\/\/france-empires.com\/index.php\/wp-json\/wp\/v2\/types\/product"}],"wp:featuredmedia":[{"embeddable":true,"href":"https:\/\/france-empires.com\/index.php\/wp-json\/wp\/v2\/media\/1779"}],"wp:attachment":[{"href":"https:\/\/france-empires.com\/index.php\/wp-json\/wp\/v2\/media?parent=1777"}],"wp:term":[{"taxonomy":"product_brand","embeddable":true,"href":"https:\/\/france-empires.com\/index.php\/wp-json\/wp\/v2\/product_brand?post=1777"},{"taxonomy":"product_cat","embeddable":true,"href":"https:\/\/france-empires.com\/index.php\/wp-json\/wp\/v2\/product_cat?post=1777"},{"taxonomy":"product_tag","embeddable":true,"href":"https:\/\/france-empires.com\/index.php\/wp-json\/wp\/v2\/product_tag?post=1777"}],"curies":[{"name":"wp","href":"https:\/\/api.w.org\/{rel}","templated":true}]}}