{"id":1790,"date":"2023-02-12T01:09:30","date_gmt":"2023-02-12T00:09:30","guid":{"rendered":"https:\/\/france-empires.com\/?post_type=product&#038;p=1790"},"modified":"2024-01-22T08:42:27","modified_gmt":"2024-01-22T07:42:27","slug":"etui-a-jumelles-allemand-en-bakelite","status":"publish","type":"product","link":"https:\/\/france-empires.com\/index.php\/produit\/etui-a-jumelles-allemand-en-bakelite\/","title":{"rendered":"Etui a jumelles allemand en bak\u00e9lite"},"content":{"rendered":"<p>Etui de belle pr\u00e9sentation<\/p>\n<p>Les cuirs sont secs, une patte de fermeture est cass\u00e9e.<\/p>\n<p>Les passants de ceinturon ont \u00e9t\u00e9 refix\u00e9s proprement.<\/p>\n<p>&nbsp;<\/p>\n<p>D\u00e9p\u00f4t de particulier<\/p>\n","protected":false},"excerpt":{"rendered":"<p>Etui de belle pr\u00e9sentation Les cuirs sont secs, une patte de fermeture est cass\u00e9e. Les passants de ceinturon ont \u00e9t\u00e9 refix\u00e9s proprement. &nbsp; D\u00e9p\u00f4t de particulier<\/p>\n","protected":false},"featured_media":1791,"template":"","meta":[],"product_brand":[],"product_cat":[53,25,51],"product_tag":[],"class_list":{"0":"post-1790","1":"product","2":"type-product","3":"status-publish","4":"has-post-thumbnail","6":"product_cat-autres-equipements-individuels-et-collectifs","7":"product_cat-equipements","8":"product_cat-equipements-du-soldat-pour-le-combat-ceinturons-cartouchieres-sac-a-dos-etc","9":"pa_statut-disponible","11":"first","12":"outofstock","13":"purchasable","14":"product-type-simple"},"_links":{"self":[{"href":"https:\/\/france-empires.com\/index.php\/wp-json\/wp\/v2\/product\/1790","targetHints":{"allow":["GET"]}}],"collection":[{"href":"https:\/\/france-empires.com\/index.php\/wp-json\/wp\/v2\/product"}],"about":[{"href":"https:\/\/france-empires.com\/index.php\/wp-json\/wp\/v2\/types\/product"}],"wp:featuredmedia":[{"embeddable":true,"href":"https:\/\/france-empires.com\/index.php\/wp-json\/wp\/v2\/media\/1791"}],"wp:attachment":[{"href":"https:\/\/france-empires.com\/index.php\/wp-json\/wp\/v2\/media?parent=1790"}],"wp:term":[{"taxonomy":"product_brand","embeddable":true,"href":"https:\/\/france-empires.com\/index.php\/wp-json\/wp\/v2\/product_brand?post=1790"},{"taxonomy":"product_cat","embeddable":true,"href":"https:\/\/france-empires.com\/index.php\/wp-json\/wp\/v2\/product_cat?post=1790"},{"taxonomy":"product_tag","embeddable":true,"href":"https:\/\/france-empires.com\/index.php\/wp-json\/wp\/v2\/product_tag?post=1790"}],"curies":[{"name":"wp","href":"https:\/\/api.w.org\/{rel}","templated":true}]}}