{"id":1805,"date":"2023-02-12T01:34:59","date_gmt":"2023-02-12T00:34:59","guid":{"rendered":"https:\/\/france-empires.com\/?post_type=product&#038;p=1805"},"modified":"2023-07-11T22:00:22","modified_gmt":"2023-07-11T20:00:22","slug":"tunique-modele-1936-officier-wh-infanterie-feldbluse-m36","status":"publish","type":"product","link":"https:\/\/france-empires.com\/index.php\/produit\/tunique-modele-1936-officier-wh-infanterie-feldbluse-m36\/","title":{"rendered":"Tunique mod\u00e8le 1936 officier WH infanterie \/ Feldbluse M36"},"content":{"rendered":"<p>Tunique terrain mod\u00e8le 1936 d&rsquo;officier d&rsquo;infanterie.<\/p>\n<p>Provenance Falaise en Normandie.<\/p>\n<p>Malheureusement, les insectes ont fait quelques d\u00e9g\u00e2ts, en particulier a l&rsquo;arri\u00e8re du col et en partie basse sur le devant.<\/p>\n<p>Elle m\u00e9riterait probablement un bon nettoyage et quelques reprises et devrait ressortir sous un bien meilleur jour\u2026<\/p>\n<p>Un badge des sports y est fix\u00e9 d&rsquo;origine (patine, plis et l\u00e9g\u00e8re oxydation du tissus sous l&rsquo;insigne).<\/p>\n<p>Aigle de poitrine brod\u00e9 canetille un peu us\u00e9.<\/p>\n<p>Pattes de col et d&rsquo;\u00e9paules mont\u00e9es d&rsquo;origine.<\/p>\n<p>En r\u00e9sum\u00e9, une tunique un peu jus mais de bonne provenance et intouch\u00e9e.<\/p>\n<p>La casquette est vendue dans une autre annonce. Elle n&rsquo;est pas incluse dans cette vente.<\/p>\n<p>&nbsp;<\/p>\n<p>D\u00e9p\u00f4t de particulier.<\/p>\n<p>&nbsp;<\/p>\n<p>&nbsp;<\/p>\n","protected":false},"excerpt":{"rendered":"<p>Tunique terrain mod\u00e8le 1936 d&rsquo;officier d&rsquo;infanterie. Provenance Falaise en Normandie. Malheureusement, les insectes ont fait quelques d\u00e9g\u00e2ts, en particulier a l&rsquo;arri\u00e8re du col et en partie basse sur le devant. Elle m\u00e9riterait probablement un bon nettoyage et quelques reprises et devrait ressortir sous un bien meilleur jour\u2026 Un badge des sports&hellip;<\/p>\n","protected":false},"featured_media":1819,"template":"","meta":[],"product_brand":[],"product_cat":[47,24],"product_tag":[],"class_list":{"0":"post-1805","1":"product","2":"type-product","3":"status-publish","4":"has-post-thumbnail","6":"product_cat-uniformes-complets-et-elements-seuls","7":"product_cat-uniformes-et-coiffures","8":"pa_statut-vendu","10":"first","11":"outofstock","12":"product-type-simple"},"_links":{"self":[{"href":"https:\/\/france-empires.com\/index.php\/wp-json\/wp\/v2\/product\/1805","targetHints":{"allow":["GET"]}}],"collection":[{"href":"https:\/\/france-empires.com\/index.php\/wp-json\/wp\/v2\/product"}],"about":[{"href":"https:\/\/france-empires.com\/index.php\/wp-json\/wp\/v2\/types\/product"}],"wp:featuredmedia":[{"embeddable":true,"href":"https:\/\/france-empires.com\/index.php\/wp-json\/wp\/v2\/media\/1819"}],"wp:attachment":[{"href":"https:\/\/france-empires.com\/index.php\/wp-json\/wp\/v2\/media?parent=1805"}],"wp:term":[{"taxonomy":"product_brand","embeddable":true,"href":"https:\/\/france-empires.com\/index.php\/wp-json\/wp\/v2\/product_brand?post=1805"},{"taxonomy":"product_cat","embeddable":true,"href":"https:\/\/france-empires.com\/index.php\/wp-json\/wp\/v2\/product_cat?post=1805"},{"taxonomy":"product_tag","embeddable":true,"href":"https:\/\/france-empires.com\/index.php\/wp-json\/wp\/v2\/product_tag?post=1805"}],"curies":[{"name":"wp","href":"https:\/\/api.w.org\/{rel}","templated":true}]}}