{"id":1902,"date":"2023-02-12T14:08:40","date_gmt":"2023-02-12T13:08:40","guid":{"rendered":"https:\/\/france-empires.com\/?post_type=product&#038;p=1902"},"modified":"2023-03-07T19:27:24","modified_gmt":"2023-03-07T18:27:24","slug":"boite-de-cigarettes-players-navy-cut","status":"publish","type":"product","link":"https:\/\/france-empires.com\/index.php\/produit\/boite-de-cigarettes-players-navy-cut\/","title":{"rendered":"Boite de cigarettes Player&rsquo;s Navy Cut"},"content":{"rendered":"<p>Mod\u00e8le rond, \u00e9tiquette d&rsquo;origine<\/p>\n<p>&nbsp;<\/p>\n<p>D\u00e9p\u00f4t de particulier<\/p>\n","protected":false},"excerpt":{"rendered":"<p>Mod\u00e8le rond, \u00e9tiquette d&rsquo;origine &nbsp; D\u00e9p\u00f4t de particulier<\/p>\n","protected":false},"featured_media":1841,"template":"","meta":[],"product_brand":[],"product_cat":[25,52],"product_tag":[],"class_list":{"0":"post-1902","1":"product","2":"type-product","3":"status-publish","4":"has-post-thumbnail","6":"product_cat-equipements","7":"product_cat-petit-equipement-tabac-toilette-etc","8":"pa_statut-vendu","10":"first","11":"outofstock","12":"purchasable","13":"product-type-simple"},"_links":{"self":[{"href":"https:\/\/france-empires.com\/index.php\/wp-json\/wp\/v2\/product\/1902","targetHints":{"allow":["GET"]}}],"collection":[{"href":"https:\/\/france-empires.com\/index.php\/wp-json\/wp\/v2\/product"}],"about":[{"href":"https:\/\/france-empires.com\/index.php\/wp-json\/wp\/v2\/types\/product"}],"wp:featuredmedia":[{"embeddable":true,"href":"https:\/\/france-empires.com\/index.php\/wp-json\/wp\/v2\/media\/1841"}],"wp:attachment":[{"href":"https:\/\/france-empires.com\/index.php\/wp-json\/wp\/v2\/media?parent=1902"}],"wp:term":[{"taxonomy":"product_brand","embeddable":true,"href":"https:\/\/france-empires.com\/index.php\/wp-json\/wp\/v2\/product_brand?post=1902"},{"taxonomy":"product_cat","embeddable":true,"href":"https:\/\/france-empires.com\/index.php\/wp-json\/wp\/v2\/product_cat?post=1902"},{"taxonomy":"product_tag","embeddable":true,"href":"https:\/\/france-empires.com\/index.php\/wp-json\/wp\/v2\/product_tag?post=1902"}],"curies":[{"name":"wp","href":"https:\/\/api.w.org\/{rel}","templated":true}]}}