{"id":1910,"date":"2023-02-12T14:19:06","date_gmt":"2023-02-12T13:19:06","guid":{"rendered":"https:\/\/france-empires.com\/?post_type=product&#038;p=1910"},"modified":"2024-06-07T16:10:08","modified_gmt":"2024-06-07T14:10:08","slug":"boite-de-cigarettes-state-express","status":"publish","type":"product","link":"https:\/\/france-empires.com\/index.php\/produit\/boite-de-cigarettes-state-express\/","title":{"rendered":"Boite de cigarettes State Express"},"content":{"rendered":"<p>Mod\u00e8le rond, \u00e9tiquette d&rsquo;origine<\/p>\n<p>&nbsp;<\/p>\n<p>D\u00e9p\u00f4t de particulier<\/p>\n","protected":false},"excerpt":{"rendered":"<p>Mod\u00e8le rond, \u00e9tiquette d&rsquo;origine &nbsp; D\u00e9p\u00f4t de particulier<\/p>\n","protected":false},"featured_media":1852,"template":"","meta":[],"product_brand":[],"product_cat":[25,52],"product_tag":[],"class_list":{"0":"post-1910","1":"product","2":"type-product","3":"status-publish","4":"has-post-thumbnail","6":"product_cat-equipements","7":"product_cat-petit-equipement-tabac-toilette-etc","8":"pa_statut-vendu","10":"first","11":"outofstock","12":"product-type-simple"},"_links":{"self":[{"href":"https:\/\/france-empires.com\/index.php\/wp-json\/wp\/v2\/product\/1910","targetHints":{"allow":["GET"]}}],"collection":[{"href":"https:\/\/france-empires.com\/index.php\/wp-json\/wp\/v2\/product"}],"about":[{"href":"https:\/\/france-empires.com\/index.php\/wp-json\/wp\/v2\/types\/product"}],"wp:featuredmedia":[{"embeddable":true,"href":"https:\/\/france-empires.com\/index.php\/wp-json\/wp\/v2\/media\/1852"}],"wp:attachment":[{"href":"https:\/\/france-empires.com\/index.php\/wp-json\/wp\/v2\/media?parent=1910"}],"wp:term":[{"taxonomy":"product_brand","embeddable":true,"href":"https:\/\/france-empires.com\/index.php\/wp-json\/wp\/v2\/product_brand?post=1910"},{"taxonomy":"product_cat","embeddable":true,"href":"https:\/\/france-empires.com\/index.php\/wp-json\/wp\/v2\/product_cat?post=1910"},{"taxonomy":"product_tag","embeddable":true,"href":"https:\/\/france-empires.com\/index.php\/wp-json\/wp\/v2\/product_tag?post=1910"}],"curies":[{"name":"wp","href":"https:\/\/api.w.org\/{rel}","templated":true}]}}