{"id":1917,"date":"2023-02-12T14:27:52","date_gmt":"2023-02-12T13:27:52","guid":{"rendered":"https:\/\/france-empires.com\/?post_type=product&#038;p=1917"},"modified":"2023-03-07T19:30:17","modified_gmt":"2023-03-07T18:30:17","slug":"paquet-de-tabac-john-player-and-sons-naafi","status":"publish","type":"product","link":"https:\/\/france-empires.com\/index.php\/produit\/paquet-de-tabac-john-player-and-sons-naafi\/","title":{"rendered":"Paquet de tabac John Player and Sons NAAFI"},"content":{"rendered":"<p>Paquet en carton<\/p>\n<p>Magasins NAAFI for H.M. Forces (\u00e9quivalent des PX am\u00e9ricains)<\/p>\n<p>&nbsp;<\/p>\n<p>D\u00e9p\u00f4t de particulier<\/p>\n","protected":false},"excerpt":{"rendered":"<p>Paquet en carton Magasins NAAFI for H.M. Forces (\u00e9quivalent des PX am\u00e9ricains) &nbsp; D\u00e9p\u00f4t de particulier<\/p>\n","protected":false},"featured_media":1861,"template":"","meta":[],"product_brand":[],"product_cat":[25,52],"product_tag":[],"class_list":{"0":"post-1917","1":"product","2":"type-product","3":"status-publish","4":"has-post-thumbnail","6":"product_cat-equipements","7":"product_cat-petit-equipement-tabac-toilette-etc","8":"pa_statut-vendu","10":"first","11":"outofstock","12":"product-type-simple"},"_links":{"self":[{"href":"https:\/\/france-empires.com\/index.php\/wp-json\/wp\/v2\/product\/1917","targetHints":{"allow":["GET"]}}],"collection":[{"href":"https:\/\/france-empires.com\/index.php\/wp-json\/wp\/v2\/product"}],"about":[{"href":"https:\/\/france-empires.com\/index.php\/wp-json\/wp\/v2\/types\/product"}],"wp:featuredmedia":[{"embeddable":true,"href":"https:\/\/france-empires.com\/index.php\/wp-json\/wp\/v2\/media\/1861"}],"wp:attachment":[{"href":"https:\/\/france-empires.com\/index.php\/wp-json\/wp\/v2\/media?parent=1917"}],"wp:term":[{"taxonomy":"product_brand","embeddable":true,"href":"https:\/\/france-empires.com\/index.php\/wp-json\/wp\/v2\/product_brand?post=1917"},{"taxonomy":"product_cat","embeddable":true,"href":"https:\/\/france-empires.com\/index.php\/wp-json\/wp\/v2\/product_cat?post=1917"},{"taxonomy":"product_tag","embeddable":true,"href":"https:\/\/france-empires.com\/index.php\/wp-json\/wp\/v2\/product_tag?post=1917"}],"curies":[{"name":"wp","href":"https:\/\/api.w.org\/{rel}","templated":true}]}}