{"id":1923,"date":"2023-02-12T14:36:46","date_gmt":"2023-02-12T13:36:46","guid":{"rendered":"https:\/\/france-empires.com\/?post_type=product&#038;p=1923"},"modified":"2023-03-07T19:34:32","modified_gmt":"2023-03-07T18:34:32","slug":"blaireau-ou-pinceau-gb-ww2","status":"publish","type":"product","link":"https:\/\/france-empires.com\/index.php\/produit\/blaireau-ou-pinceau-gb-ww2\/","title":{"rendered":"Pinceau pochoir GB ww2"},"content":{"rendered":"<p>En bois et m\u00e9tal<\/p>\n<p>Marqu\u00e9 et dat\u00e9 1944<\/p>\n<p>&nbsp;<\/p>\n<p>D\u00e9p\u00f4t de particulier<\/p>\n","protected":false},"excerpt":{"rendered":"<p>En bois et m\u00e9tal Marqu\u00e9 et dat\u00e9 1944 &nbsp; D\u00e9p\u00f4t de particulier<\/p>\n","protected":false},"featured_media":1869,"template":"","meta":[],"product_brand":[],"product_cat":[53,25,52],"product_tag":[],"class_list":{"0":"post-1923","1":"product","2":"type-product","3":"status-publish","4":"has-post-thumbnail","6":"product_cat-autres-equipements-individuels-et-collectifs","7":"product_cat-equipements","8":"product_cat-petit-equipement-tabac-toilette-etc","9":"pa_statut-vendu","11":"first","12":"outofstock","13":"product-type-simple"},"_links":{"self":[{"href":"https:\/\/france-empires.com\/index.php\/wp-json\/wp\/v2\/product\/1923","targetHints":{"allow":["GET"]}}],"collection":[{"href":"https:\/\/france-empires.com\/index.php\/wp-json\/wp\/v2\/product"}],"about":[{"href":"https:\/\/france-empires.com\/index.php\/wp-json\/wp\/v2\/types\/product"}],"wp:featuredmedia":[{"embeddable":true,"href":"https:\/\/france-empires.com\/index.php\/wp-json\/wp\/v2\/media\/1869"}],"wp:attachment":[{"href":"https:\/\/france-empires.com\/index.php\/wp-json\/wp\/v2\/media?parent=1923"}],"wp:term":[{"taxonomy":"product_brand","embeddable":true,"href":"https:\/\/france-empires.com\/index.php\/wp-json\/wp\/v2\/product_brand?post=1923"},{"taxonomy":"product_cat","embeddable":true,"href":"https:\/\/france-empires.com\/index.php\/wp-json\/wp\/v2\/product_cat?post=1923"},{"taxonomy":"product_tag","embeddable":true,"href":"https:\/\/france-empires.com\/index.php\/wp-json\/wp\/v2\/product_tag?post=1923"}],"curies":[{"name":"wp","href":"https:\/\/api.w.org\/{rel}","templated":true}]}}