{"id":1941,"date":"2023-02-12T14:57:41","date_gmt":"2023-02-12T13:57:41","guid":{"rendered":"https:\/\/france-empires.com\/?post_type=product&#038;p=1941"},"modified":"2023-02-20T22:17:52","modified_gmt":"2023-02-20T21:17:52","slug":"sac-a-dos-pour-radio-gb-ww2-signals-satchel-no-2","status":"publish","type":"product","link":"https:\/\/france-empires.com\/index.php\/produit\/sac-a-dos-pour-radio-gb-ww2-signals-satchel-no-2\/","title":{"rendered":"Sac a dos pour radio GB ww2 \/ Signals satchel no 2 (?)"},"content":{"rendered":"<p>Sac pour batteries de radio WS 38<\/p>\n<p>Identification exacte a confirmer.<\/p>\n<p>Marqu\u00e9 et dat\u00e9<\/p>\n<p>&nbsp;<\/p>\n<p>D\u00e9p\u00f4t de particulier<\/p>\n","protected":false},"excerpt":{"rendered":"<p>Sac pour batteries de radio WS 38 Identification exacte a confirmer. Marqu\u00e9 et dat\u00e9 &nbsp; D\u00e9p\u00f4t de particulier<\/p>\n","protected":false},"featured_media":1936,"template":"","meta":[],"product_brand":[],"product_cat":[53,25,51,54],"product_tag":[],"class_list":{"0":"post-1941","1":"product","2":"type-product","3":"status-publish","4":"has-post-thumbnail","6":"product_cat-autres-equipements-individuels-et-collectifs","7":"product_cat-equipements","8":"product_cat-equipements-du-soldat-pour-le-combat-ceinturons-cartouchieres-sac-a-dos-etc","9":"product_cat-equipements-techniques-radios-detecteurs-etc","10":"pa_statut-disponible","12":"first","13":"outofstock","14":"purchasable","15":"product-type-simple"},"_links":{"self":[{"href":"https:\/\/france-empires.com\/index.php\/wp-json\/wp\/v2\/product\/1941","targetHints":{"allow":["GET"]}}],"collection":[{"href":"https:\/\/france-empires.com\/index.php\/wp-json\/wp\/v2\/product"}],"about":[{"href":"https:\/\/france-empires.com\/index.php\/wp-json\/wp\/v2\/types\/product"}],"wp:featuredmedia":[{"embeddable":true,"href":"https:\/\/france-empires.com\/index.php\/wp-json\/wp\/v2\/media\/1936"}],"wp:attachment":[{"href":"https:\/\/france-empires.com\/index.php\/wp-json\/wp\/v2\/media?parent=1941"}],"wp:term":[{"taxonomy":"product_brand","embeddable":true,"href":"https:\/\/france-empires.com\/index.php\/wp-json\/wp\/v2\/product_brand?post=1941"},{"taxonomy":"product_cat","embeddable":true,"href":"https:\/\/france-empires.com\/index.php\/wp-json\/wp\/v2\/product_cat?post=1941"},{"taxonomy":"product_tag","embeddable":true,"href":"https:\/\/france-empires.com\/index.php\/wp-json\/wp\/v2\/product_tag?post=1941"}],"curies":[{"name":"wp","href":"https:\/\/api.w.org\/{rel}","templated":true}]}}