{"id":1955,"date":"2023-02-12T15:55:46","date_gmt":"2023-02-12T14:55:46","guid":{"rendered":"https:\/\/france-empires.com\/?post_type=product&#038;p=1955"},"modified":"2024-06-07T16:13:09","modified_gmt":"2024-06-07T14:13:09","slug":"ceinturon-a-plaque-lisse","status":"publish","type":"product","link":"https:\/\/france-empires.com\/index.php\/produit\/ceinturon-a-plaque-lisse\/","title":{"rendered":"Ceinturon a plaque lisse"},"content":{"rendered":"<p>Ces ceinturons sont en g\u00e9n\u00e9ral attribu\u00e9s aux troupes \u00e9trang\u00e8res. Autres possibilit\u00e9s telles NSKK, Todt&#8230;<\/p>\n<p>Ceinturon de bonne taille<\/p>\n<p>Cuir de la boucle marqu\u00e9 et dat\u00e9 1940<\/p>\n<p>Provenance Villedieu Les Po\u00eales.<\/p>\n<p>Voir \u00ab\u00a0German Belts Buckles 1845-1945\u00a0\u00bb de Peter NASH.<\/p>\n<p>&nbsp;<\/p>\n<p>D\u00e9p\u00f4t de particulier<\/p>\n","protected":false},"excerpt":{"rendered":"<p>Ces ceinturons sont en g\u00e9n\u00e9ral attribu\u00e9s aux troupes \u00e9trang\u00e8res. Autres possibilit\u00e9s telles NSKK, Todt&#8230; Ceinturon de bonne taille Cuir de la boucle marqu\u00e9 et dat\u00e9 1940 Provenance Villedieu Les Po\u00eales. Voir \u00ab\u00a0German Belts Buckles 1845-1945\u00a0\u00bb de Peter NASH. &nbsp; D\u00e9p\u00f4t de particulier<\/p>\n","protected":false},"featured_media":1959,"template":"","meta":[],"product_brand":[],"product_cat":[25,51],"product_tag":[],"class_list":{"0":"post-1955","1":"product","2":"type-product","3":"status-publish","4":"has-post-thumbnail","6":"product_cat-equipements","7":"product_cat-equipements-du-soldat-pour-le-combat-ceinturons-cartouchieres-sac-a-dos-etc","8":"pa_statut-vendu","10":"first","11":"outofstock","12":"product-type-simple"},"_links":{"self":[{"href":"https:\/\/france-empires.com\/index.php\/wp-json\/wp\/v2\/product\/1955","targetHints":{"allow":["GET"]}}],"collection":[{"href":"https:\/\/france-empires.com\/index.php\/wp-json\/wp\/v2\/product"}],"about":[{"href":"https:\/\/france-empires.com\/index.php\/wp-json\/wp\/v2\/types\/product"}],"wp:featuredmedia":[{"embeddable":true,"href":"https:\/\/france-empires.com\/index.php\/wp-json\/wp\/v2\/media\/1959"}],"wp:attachment":[{"href":"https:\/\/france-empires.com\/index.php\/wp-json\/wp\/v2\/media?parent=1955"}],"wp:term":[{"taxonomy":"product_brand","embeddable":true,"href":"https:\/\/france-empires.com\/index.php\/wp-json\/wp\/v2\/product_brand?post=1955"},{"taxonomy":"product_cat","embeddable":true,"href":"https:\/\/france-empires.com\/index.php\/wp-json\/wp\/v2\/product_cat?post=1955"},{"taxonomy":"product_tag","embeddable":true,"href":"https:\/\/france-empires.com\/index.php\/wp-json\/wp\/v2\/product_tag?post=1955"}],"curies":[{"name":"wp","href":"https:\/\/api.w.org\/{rel}","templated":true}]}}