{"id":1977,"date":"2023-02-12T19:21:18","date_gmt":"2023-02-12T18:21:18","guid":{"rendered":"https:\/\/france-empires.com\/?post_type=product&#038;p=1977"},"modified":"2024-06-07T16:14:45","modified_gmt":"2024-06-07T14:14:45","slug":"cartouchiere-kriegsmarine","status":"publish","type":"product","link":"https:\/\/france-empires.com\/index.php\/produit\/cartouchiere-kriegsmarine\/","title":{"rendered":"Cartouchiere Kriegsmarine"},"content":{"rendered":"<p>Cartouchi\u00e8re KM,<\/p>\n<p>Je n&rsquo;arrive pas a bien prendre le marquage avec le M mais il est bien visible a l&rsquo;\u0153il nu.<\/p>\n<p>&nbsp;<\/p>\n<p>D\u00e9p\u00f4t de particulier<\/p>\n","protected":false},"excerpt":{"rendered":"<p>Cartouchi\u00e8re KM, Je n&rsquo;arrive pas a bien prendre le marquage avec le M mais il est bien visible a l&rsquo;\u0153il nu. &nbsp; D\u00e9p\u00f4t de particulier<\/p>\n","protected":false},"featured_media":1978,"template":"","meta":[],"product_brand":[],"product_cat":[25,51],"product_tag":[],"class_list":{"0":"post-1977","1":"product","2":"type-product","3":"status-publish","4":"has-post-thumbnail","6":"product_cat-equipements","7":"product_cat-equipements-du-soldat-pour-le-combat-ceinturons-cartouchieres-sac-a-dos-etc","8":"pa_statut-vendu","10":"first","11":"outofstock","12":"product-type-simple"},"_links":{"self":[{"href":"https:\/\/france-empires.com\/index.php\/wp-json\/wp\/v2\/product\/1977","targetHints":{"allow":["GET"]}}],"collection":[{"href":"https:\/\/france-empires.com\/index.php\/wp-json\/wp\/v2\/product"}],"about":[{"href":"https:\/\/france-empires.com\/index.php\/wp-json\/wp\/v2\/types\/product"}],"wp:featuredmedia":[{"embeddable":true,"href":"https:\/\/france-empires.com\/index.php\/wp-json\/wp\/v2\/media\/1978"}],"wp:attachment":[{"href":"https:\/\/france-empires.com\/index.php\/wp-json\/wp\/v2\/media?parent=1977"}],"wp:term":[{"taxonomy":"product_brand","embeddable":true,"href":"https:\/\/france-empires.com\/index.php\/wp-json\/wp\/v2\/product_brand?post=1977"},{"taxonomy":"product_cat","embeddable":true,"href":"https:\/\/france-empires.com\/index.php\/wp-json\/wp\/v2\/product_cat?post=1977"},{"taxonomy":"product_tag","embeddable":true,"href":"https:\/\/france-empires.com\/index.php\/wp-json\/wp\/v2\/product_tag?post=1977"}],"curies":[{"name":"wp","href":"https:\/\/api.w.org\/{rel}","templated":true}]}}