{"id":1982,"date":"2023-02-12T19:28:00","date_gmt":"2023-02-12T18:28:00","guid":{"rendered":"https:\/\/france-empires.com\/?post_type=product&#038;p=1982"},"modified":"2025-04-28T23:34:03","modified_gmt":"2025-04-28T21:34:03","slug":"cartouchiere-heer-98k","status":"publish","type":"product","link":"https:\/\/france-empires.com\/index.php\/produit\/cartouchiere-heer-98k\/","title":{"rendered":"Cartouchiere Heer 98K"},"content":{"rendered":"<p>Bonne cartouchi\u00e8re<\/p>\n<p>Marqu\u00e9e, dat\u00e9e.<\/p>\n<p>&nbsp;<\/p>\n<p>D\u00e9p\u00f4t de particulier.<\/p>\n<p>&nbsp;<\/p>\n","protected":false},"excerpt":{"rendered":"<p>Bonne cartouchi\u00e8re Marqu\u00e9e, dat\u00e9e. &nbsp; D\u00e9p\u00f4t de particulier. &nbsp;<\/p>\n","protected":false},"featured_media":1984,"template":"","meta":[],"product_brand":[],"product_cat":[25,51],"product_tag":[],"class_list":{"0":"post-1982","1":"product","2":"type-product","3":"status-publish","4":"has-post-thumbnail","6":"product_cat-equipements","7":"product_cat-equipements-du-soldat-pour-le-combat-ceinturons-cartouchieres-sac-a-dos-etc","8":"pa_statut-disponible","10":"first","11":"instock","12":"product-type-simple"},"_links":{"self":[{"href":"https:\/\/france-empires.com\/index.php\/wp-json\/wp\/v2\/product\/1982","targetHints":{"allow":["GET"]}}],"collection":[{"href":"https:\/\/france-empires.com\/index.php\/wp-json\/wp\/v2\/product"}],"about":[{"href":"https:\/\/france-empires.com\/index.php\/wp-json\/wp\/v2\/types\/product"}],"wp:featuredmedia":[{"embeddable":true,"href":"https:\/\/france-empires.com\/index.php\/wp-json\/wp\/v2\/media\/1984"}],"wp:attachment":[{"href":"https:\/\/france-empires.com\/index.php\/wp-json\/wp\/v2\/media?parent=1982"}],"wp:term":[{"taxonomy":"product_brand","embeddable":true,"href":"https:\/\/france-empires.com\/index.php\/wp-json\/wp\/v2\/product_brand?post=1982"},{"taxonomy":"product_cat","embeddable":true,"href":"https:\/\/france-empires.com\/index.php\/wp-json\/wp\/v2\/product_cat?post=1982"},{"taxonomy":"product_tag","embeddable":true,"href":"https:\/\/france-empires.com\/index.php\/wp-json\/wp\/v2\/product_tag?post=1982"}],"curies":[{"name":"wp","href":"https:\/\/api.w.org\/{rel}","templated":true}]}}