{"id":2112,"date":"2023-02-15T22:16:23","date_gmt":"2023-02-15T21:16:23","guid":{"rendered":"https:\/\/france-empires.com\/?post_type=product&#038;p=2112"},"modified":"2023-03-10T19:16:09","modified_gmt":"2023-03-10T18:16:09","slug":"sceau-en-toile-wh","status":"publish","type":"product","link":"https:\/\/france-empires.com\/index.php\/produit\/sceau-en-toile-wh\/","title":{"rendered":"Sceau en toile WH"},"content":{"rendered":"<p>Sceau en TBE<\/p>\n<p>Marqu\u00e9 et dat\u00e9 1941<\/p>\n<p>&nbsp;<\/p>\n<p>D\u00e9p\u00f4t de particulier<\/p>\n","protected":false},"excerpt":{"rendered":"<p>Sceau en TBE Marqu\u00e9 et dat\u00e9 1941 &nbsp; D\u00e9p\u00f4t de particulier<\/p>\n","protected":false},"featured_media":2068,"template":"","meta":[],"product_brand":[],"product_cat":[53,25],"product_tag":[],"class_list":{"0":"post-2112","1":"product","2":"type-product","3":"status-publish","4":"has-post-thumbnail","6":"product_cat-autres-equipements-individuels-et-collectifs","7":"product_cat-equipements","8":"pa_statut-vendu","10":"first","11":"outofstock","12":"product-type-simple"},"_links":{"self":[{"href":"https:\/\/france-empires.com\/index.php\/wp-json\/wp\/v2\/product\/2112","targetHints":{"allow":["GET"]}}],"collection":[{"href":"https:\/\/france-empires.com\/index.php\/wp-json\/wp\/v2\/product"}],"about":[{"href":"https:\/\/france-empires.com\/index.php\/wp-json\/wp\/v2\/types\/product"}],"wp:featuredmedia":[{"embeddable":true,"href":"https:\/\/france-empires.com\/index.php\/wp-json\/wp\/v2\/media\/2068"}],"wp:attachment":[{"href":"https:\/\/france-empires.com\/index.php\/wp-json\/wp\/v2\/media?parent=2112"}],"wp:term":[{"taxonomy":"product_brand","embeddable":true,"href":"https:\/\/france-empires.com\/index.php\/wp-json\/wp\/v2\/product_brand?post=2112"},{"taxonomy":"product_cat","embeddable":true,"href":"https:\/\/france-empires.com\/index.php\/wp-json\/wp\/v2\/product_cat?post=2112"},{"taxonomy":"product_tag","embeddable":true,"href":"https:\/\/france-empires.com\/index.php\/wp-json\/wp\/v2\/product_tag?post=2112"}],"curies":[{"name":"wp","href":"https:\/\/api.w.org\/{rel}","templated":true}]}}