{"id":2116,"date":"2023-02-15T22:49:47","date_gmt":"2023-02-15T21:49:47","guid":{"rendered":"https:\/\/france-empires.com\/?post_type=product&#038;p=2116"},"modified":"2023-12-23T11:54:32","modified_gmt":"2023-12-23T10:54:32","slug":"prussian-spike-helmet-grenadier","status":"publish","type":"product","link":"https:\/\/france-empires.com\/index.php\/produit\/prussian-spike-helmet-grenadier\/","title":{"rendered":"Prussian Guard spike helmet"},"content":{"rendered":"<p>Prusse. Casque \u00e0 pointe troupe mod\u00e8le 1895 de la Garde. Bombe un peu d\u00e9form\u00e9e, vernis d\u2019origine craquel\u00e9. Jonc avant fendu. Dorure \u00e0 la plaque, bonnes cocardes et bonne jugulaire, int\u00e9rieur complet en bon \u00e9tat, avec lacet en cuir ainsi que les coins en cuir de la plaque. Marquages dans la nuqui\u00e8re : KBAG 1915.<\/p>\n","protected":false},"excerpt":{"rendered":"<p>Prusse. Casque \u00e0 pointe troupe mod\u00e8le 1895 de la Garde. Bombe un peu d\u00e9form\u00e9e, vernis d\u2019origine craquel\u00e9. Jonc avant fendu. Dorure \u00e0 la plaque, bonnes cocardes et bonne jugulaire, int\u00e9rieur complet en bon \u00e9tat, avec lacet en cuir ainsi que les coins en cuir de la plaque. Marquages dans la nuqui\u00e8re&hellip;<\/p>\n","protected":false},"featured_media":2073,"template":"","meta":[],"product_brand":[],"product_cat":[45,24],"product_tag":[],"class_list":{"0":"post-2116","1":"product","2":"type-product","3":"status-publish","4":"has-post-thumbnail","6":"product_cat-coiffures-casques-kepis-shakos-etc","7":"product_cat-uniformes-et-coiffures","8":"pa_statut-vendu","10":"first","11":"outofstock","12":"product-type-simple"},"_links":{"self":[{"href":"https:\/\/france-empires.com\/index.php\/wp-json\/wp\/v2\/product\/2116","targetHints":{"allow":["GET"]}}],"collection":[{"href":"https:\/\/france-empires.com\/index.php\/wp-json\/wp\/v2\/product"}],"about":[{"href":"https:\/\/france-empires.com\/index.php\/wp-json\/wp\/v2\/types\/product"}],"wp:featuredmedia":[{"embeddable":true,"href":"https:\/\/france-empires.com\/index.php\/wp-json\/wp\/v2\/media\/2073"}],"wp:attachment":[{"href":"https:\/\/france-empires.com\/index.php\/wp-json\/wp\/v2\/media?parent=2116"}],"wp:term":[{"taxonomy":"product_brand","embeddable":true,"href":"https:\/\/france-empires.com\/index.php\/wp-json\/wp\/v2\/product_brand?post=2116"},{"taxonomy":"product_cat","embeddable":true,"href":"https:\/\/france-empires.com\/index.php\/wp-json\/wp\/v2\/product_cat?post=2116"},{"taxonomy":"product_tag","embeddable":true,"href":"https:\/\/france-empires.com\/index.php\/wp-json\/wp\/v2\/product_tag?post=2116"}],"curies":[{"name":"wp","href":"https:\/\/api.w.org\/{rel}","templated":true}]}}