{"id":2143,"date":"2023-02-16T00:04:21","date_gmt":"2023-02-15T23:04:21","guid":{"rendered":"https:\/\/france-empires.com\/?post_type=product&#038;p=2143"},"modified":"2023-03-10T19:17:03","modified_gmt":"2023-03-10T18:17:03","slug":"fairbairn-sykes-type-dagger-sbs","status":"publish","type":"product","link":"https:\/\/france-empires.com\/index.php\/produit\/fairbairn-sykes-type-dagger-sbs\/","title":{"rendered":"Fairbairn Sykes type dagger, SBS ?"},"content":{"rendered":"<p>Dague type Fairbairn Sykes.<\/p>\n<p>La poign\u00e9e est matelot\u00e9e ce qui me fait penser aux commandos du SBS. La poign\u00e9e sous le matelotage doit \u00eatre en bois.<\/p>\n<p>Le mod\u00e8le est r\u00e9pertori\u00e9 comme \u00e9tant pour les th\u00e9\u00e2tres d&rsquo;Asie du Sud Est mais des mod\u00e8les a poign\u00e9e bois sont visibles sur certaines photos de paras en Normandie.<\/p>\n<p>celui-ci a \u00e9t\u00e9 trouv\u00e9 en Bretagne Sud. Pourquoi pas un fusilier marin ?<\/p>\n<p>En tout cas une superbe pi\u00e8ce atypique.<\/p>\n","protected":false},"excerpt":{"rendered":"<p>Dague type Fairbairn Sykes. La poign\u00e9e est matelot\u00e9e ce qui me fait penser aux commandos du SBS. La poign\u00e9e sous le matelotage doit \u00eatre en bois. Le mod\u00e8le est r\u00e9pertori\u00e9 comme \u00e9tant pour les th\u00e9\u00e2tres d&rsquo;Asie du Sud Est mais des mod\u00e8les a poign\u00e9e bois sont visibles sur certaines photos de&hellip;<\/p>\n","protected":false},"featured_media":2140,"template":"","meta":[],"product_brand":[],"product_cat":[76,81],"product_tag":[],"class_list":{"0":"post-2143","1":"product","2":"type-product","3":"status-publish","4":"has-post-thumbnail","6":"product_cat-armes-anciennes","7":"product_cat-dagues-poignards","8":"pa_statut-disponible","10":"first","11":"instock","12":"purchasable","13":"product-type-simple"},"_links":{"self":[{"href":"https:\/\/france-empires.com\/index.php\/wp-json\/wp\/v2\/product\/2143","targetHints":{"allow":["GET"]}}],"collection":[{"href":"https:\/\/france-empires.com\/index.php\/wp-json\/wp\/v2\/product"}],"about":[{"href":"https:\/\/france-empires.com\/index.php\/wp-json\/wp\/v2\/types\/product"}],"wp:featuredmedia":[{"embeddable":true,"href":"https:\/\/france-empires.com\/index.php\/wp-json\/wp\/v2\/media\/2140"}],"wp:attachment":[{"href":"https:\/\/france-empires.com\/index.php\/wp-json\/wp\/v2\/media?parent=2143"}],"wp:term":[{"taxonomy":"product_brand","embeddable":true,"href":"https:\/\/france-empires.com\/index.php\/wp-json\/wp\/v2\/product_brand?post=2143"},{"taxonomy":"product_cat","embeddable":true,"href":"https:\/\/france-empires.com\/index.php\/wp-json\/wp\/v2\/product_cat?post=2143"},{"taxonomy":"product_tag","embeddable":true,"href":"https:\/\/france-empires.com\/index.php\/wp-json\/wp\/v2\/product_tag?post=2143"}],"curies":[{"name":"wp","href":"https:\/\/api.w.org\/{rel}","templated":true}]}}