{"id":2214,"date":"2023-02-26T19:00:11","date_gmt":"2023-02-26T18:00:11","guid":{"rendered":"https:\/\/france-empires.com\/?post_type=product&#038;p=2214"},"modified":"2023-03-13T16:59:39","modified_gmt":"2023-03-13T15:59:39","slug":"casque-adrian-bleu-horizon-modele-1915","status":"publish","type":"product","link":"https:\/\/france-empires.com\/index.php\/produit\/casque-adrian-bleu-horizon-modele-1915\/","title":{"rendered":"Casque Adrian Bleu Horizon mod\u00e8le 1915"},"content":{"rendered":"<p>Casque jus de trouvaille, non nettoy\u00e9. Attribut grenade (Infanterie, cavalerie&#8230;)<\/p>\n<p>Int\u00e9rieur un peu fatigu\u00e9, cuir ayant \u00e9t\u00e9 un peu grignot\u00e9. A refixer.<\/p>\n<p>Peinture d&rsquo;origine, bombe un peu bossel\u00e9e.<\/p>\n<p>Casque qui pr\u00e9sente bien malgr\u00e9 ces d\u00e9fauts.<\/p>\n<p>&nbsp;<\/p>\n<p>NB: nous disposons de bonnes jugulaires d&rsquo;\u00e9poque. Nous consulter.<\/p>\n<p>&nbsp;<\/p>\n","protected":false},"excerpt":{"rendered":"<p>Casque jus de trouvaille, non nettoy\u00e9. Attribut grenade (Infanterie, cavalerie&#8230;) Int\u00e9rieur un peu fatigu\u00e9, cuir ayant \u00e9t\u00e9 un peu grignot\u00e9. A refixer. Peinture d&rsquo;origine, bombe un peu bossel\u00e9e. Casque qui pr\u00e9sente bien malgr\u00e9 ces d\u00e9fauts. &nbsp; NB: nous disposons de bonnes jugulaires d&rsquo;\u00e9poque. Nous consulter. &nbsp;<\/p>\n","protected":false},"featured_media":2216,"template":"","meta":[],"product_brand":[],"product_cat":[45,24],"product_tag":[],"class_list":{"0":"post-2214","1":"product","2":"type-product","3":"status-publish","4":"has-post-thumbnail","6":"product_cat-coiffures-casques-kepis-shakos-etc","7":"product_cat-uniformes-et-coiffures","8":"pa_statut-vendu","10":"first","11":"outofstock","12":"taxable","13":"shipping-taxable","14":"product-type-simple"},"_links":{"self":[{"href":"https:\/\/france-empires.com\/index.php\/wp-json\/wp\/v2\/product\/2214","targetHints":{"allow":["GET"]}}],"collection":[{"href":"https:\/\/france-empires.com\/index.php\/wp-json\/wp\/v2\/product"}],"about":[{"href":"https:\/\/france-empires.com\/index.php\/wp-json\/wp\/v2\/types\/product"}],"wp:featuredmedia":[{"embeddable":true,"href":"https:\/\/france-empires.com\/index.php\/wp-json\/wp\/v2\/media\/2216"}],"wp:attachment":[{"href":"https:\/\/france-empires.com\/index.php\/wp-json\/wp\/v2\/media?parent=2214"}],"wp:term":[{"taxonomy":"product_brand","embeddable":true,"href":"https:\/\/france-empires.com\/index.php\/wp-json\/wp\/v2\/product_brand?post=2214"},{"taxonomy":"product_cat","embeddable":true,"href":"https:\/\/france-empires.com\/index.php\/wp-json\/wp\/v2\/product_cat?post=2214"},{"taxonomy":"product_tag","embeddable":true,"href":"https:\/\/france-empires.com\/index.php\/wp-json\/wp\/v2\/product_tag?post=2214"}],"curies":[{"name":"wp","href":"https:\/\/api.w.org\/{rel}","templated":true}]}}