{"id":2332,"date":"2023-03-12T19:00:22","date_gmt":"2023-03-12T18:00:22","guid":{"rendered":"https:\/\/france-empires.com\/?post_type=product&#038;p=2332"},"modified":"2023-04-04T22:25:54","modified_gmt":"2023-04-04T20:25:54","slug":"ceinturon-troupe-cavalerie-modele-1884","status":"publish","type":"product","link":"https:\/\/france-empires.com\/index.php\/produit\/ceinturon-troupe-cavalerie-modele-1884\/","title":{"rendered":"Ceinturon troupe cavalerie mod\u00e8le 1884"},"content":{"rendered":"<p>Ceinturon troupe mod\u00e8le 1884 pour cavalier. Cuir fauve souple. Boucle \u00e0 un ardillon et anneau laiton<\/p>\n<p>en BE-TBE a nettoyer, cuir encore assez souple<\/p>\n","protected":false},"excerpt":{"rendered":"<p>Ceinturon troupe mod\u00e8le 1884 pour cavalier. Cuir fauve souple. Boucle \u00e0 un ardillon et anneau laiton en BE-TBE a nettoyer, cuir encore assez souple<\/p>\n","protected":false},"featured_media":2328,"template":"","meta":[],"product_brand":[],"product_cat":[25,51],"product_tag":[],"class_list":{"0":"post-2332","1":"product","2":"type-product","3":"status-publish","4":"has-post-thumbnail","6":"product_cat-equipements","7":"product_cat-equipements-du-soldat-pour-le-combat-ceinturons-cartouchieres-sac-a-dos-etc","8":"pa_statut-vendu","10":"first","11":"outofstock","12":"product-type-simple"},"_links":{"self":[{"href":"https:\/\/france-empires.com\/index.php\/wp-json\/wp\/v2\/product\/2332","targetHints":{"allow":["GET"]}}],"collection":[{"href":"https:\/\/france-empires.com\/index.php\/wp-json\/wp\/v2\/product"}],"about":[{"href":"https:\/\/france-empires.com\/index.php\/wp-json\/wp\/v2\/types\/product"}],"wp:featuredmedia":[{"embeddable":true,"href":"https:\/\/france-empires.com\/index.php\/wp-json\/wp\/v2\/media\/2328"}],"wp:attachment":[{"href":"https:\/\/france-empires.com\/index.php\/wp-json\/wp\/v2\/media?parent=2332"}],"wp:term":[{"taxonomy":"product_brand","embeddable":true,"href":"https:\/\/france-empires.com\/index.php\/wp-json\/wp\/v2\/product_brand?post=2332"},{"taxonomy":"product_cat","embeddable":true,"href":"https:\/\/france-empires.com\/index.php\/wp-json\/wp\/v2\/product_cat?post=2332"},{"taxonomy":"product_tag","embeddable":true,"href":"https:\/\/france-empires.com\/index.php\/wp-json\/wp\/v2\/product_tag?post=2332"}],"curies":[{"name":"wp","href":"https:\/\/api.w.org\/{rel}","templated":true}]}}