{"id":2334,"date":"2023-03-12T19:00:17","date_gmt":"2023-03-12T18:00:17","guid":{"rendered":"https:\/\/france-empires.com\/?post_type=product&#038;p=2334"},"modified":"2023-12-23T11:54:47","modified_gmt":"2023-12-23T10:54:47","slug":"poire-a-poudre-de-cavalier-debut-18e-siecle","status":"publish","type":"product","link":"https:\/\/france-empires.com\/index.php\/produit\/poire-a-poudre-de-cavalier-debut-18e-siecle\/","title":{"rendered":"Poire a poudre de cavalier, d\u00e9but 18e si\u00e8cle"},"content":{"rendered":"<p>Poire \u00e0 poudre de dragon en cuir de Russie, moul\u00e9 et cousu, munie sur les c\u00f4t\u00e9s de goussets pour le passage d&rsquo;une cordelette; bouchon en bois \u00e0 vis. \u00c9poque fin 17e \/ d\u00e9but 18e. Bon \u00e9tat.<\/p>\n<p>&nbsp;<\/p>\n","protected":false},"excerpt":{"rendered":"<p>Poire \u00e0 poudre de dragon en cuir de Russie, moul\u00e9 et cousu, munie sur les c\u00f4t\u00e9s de goussets pour le passage d&rsquo;une cordelette; bouchon en bois \u00e0 vis. \u00c9poque fin 17e \/ d\u00e9but 18e. Bon \u00e9tat. &nbsp;<\/p>\n","protected":false},"featured_media":2336,"template":"","meta":[],"product_brand":[],"product_cat":[25,51],"product_tag":[],"class_list":{"0":"post-2334","1":"product","2":"type-product","3":"status-publish","4":"has-post-thumbnail","6":"product_cat-equipements","7":"product_cat-equipements-du-soldat-pour-le-combat-ceinturons-cartouchieres-sac-a-dos-etc","8":"pa_statut-vendu","10":"first","11":"outofstock","12":"product-type-simple"},"_links":{"self":[{"href":"https:\/\/france-empires.com\/index.php\/wp-json\/wp\/v2\/product\/2334","targetHints":{"allow":["GET"]}}],"collection":[{"href":"https:\/\/france-empires.com\/index.php\/wp-json\/wp\/v2\/product"}],"about":[{"href":"https:\/\/france-empires.com\/index.php\/wp-json\/wp\/v2\/types\/product"}],"wp:featuredmedia":[{"embeddable":true,"href":"https:\/\/france-empires.com\/index.php\/wp-json\/wp\/v2\/media\/2336"}],"wp:attachment":[{"href":"https:\/\/france-empires.com\/index.php\/wp-json\/wp\/v2\/media?parent=2334"}],"wp:term":[{"taxonomy":"product_brand","embeddable":true,"href":"https:\/\/france-empires.com\/index.php\/wp-json\/wp\/v2\/product_brand?post=2334"},{"taxonomy":"product_cat","embeddable":true,"href":"https:\/\/france-empires.com\/index.php\/wp-json\/wp\/v2\/product_cat?post=2334"},{"taxonomy":"product_tag","embeddable":true,"href":"https:\/\/france-empires.com\/index.php\/wp-json\/wp\/v2\/product_tag?post=2334"}],"curies":[{"name":"wp","href":"https:\/\/api.w.org\/{rel}","templated":true}]}}