{"id":2356,"date":"2023-03-12T19:06:10","date_gmt":"2023-03-12T18:06:10","guid":{"rendered":"https:\/\/france-empires.com\/?post_type=product&#038;p=2356"},"modified":"2024-02-19T22:13:43","modified_gmt":"2024-02-19T21:13:43","slug":"cordon-raquettes-epaulettes-et-crin-dartillerie","status":"publish","type":"product","link":"https:\/\/france-empires.com\/index.php\/produit\/cordon-raquettes-epaulettes-et-crin-dartillerie\/","title":{"rendered":"Cordon raquettes, \u00e9paulettes et crin d&rsquo;artillerie"},"content":{"rendered":"<p>Bel ensemble homog\u00e8ne.<\/p>\n<p>Cordon raquettes de shako, us\u00e9 par endroits.<\/p>\n<p>Crin retombant de shako, parfait \u00e9tat.<\/p>\n<p>Epaulettes en TBE<\/p>\n<p>Le tout a \u00e9t\u00e9 trouv\u00e9 ensemble.<\/p>\n<p>&nbsp;<\/p>\n","protected":false},"excerpt":{"rendered":"<p>Bel ensemble homog\u00e8ne. Cordon raquettes de shako, us\u00e9 par endroits. Crin retombant de shako, parfait \u00e9tat. Epaulettes en TBE Le tout a \u00e9t\u00e9 trouv\u00e9 ensemble. &nbsp;<\/p>\n","protected":false},"featured_media":2364,"template":"","meta":[],"product_brand":[],"product_cat":[46,50,49,24],"product_tag":[],"class_list":{"0":"post-2356","1":"product","2":"type-product","3":"status-publish","4":"has-post-thumbnail","6":"product_cat-accessoires-et-pieces-detachees-de-coiffures","7":"product_cat-autres-accessoires-et-pieces-detachees-duniformes","8":"product_cat-epaulettes-cordons-fourageres-et-aiguillettes","9":"product_cat-uniformes-et-coiffures","10":"pa_statut-reserved","12":"first","13":"outofstock","14":"product-type-simple"},"_links":{"self":[{"href":"https:\/\/france-empires.com\/index.php\/wp-json\/wp\/v2\/product\/2356","targetHints":{"allow":["GET"]}}],"collection":[{"href":"https:\/\/france-empires.com\/index.php\/wp-json\/wp\/v2\/product"}],"about":[{"href":"https:\/\/france-empires.com\/index.php\/wp-json\/wp\/v2\/types\/product"}],"wp:featuredmedia":[{"embeddable":true,"href":"https:\/\/france-empires.com\/index.php\/wp-json\/wp\/v2\/media\/2364"}],"wp:attachment":[{"href":"https:\/\/france-empires.com\/index.php\/wp-json\/wp\/v2\/media?parent=2356"}],"wp:term":[{"taxonomy":"product_brand","embeddable":true,"href":"https:\/\/france-empires.com\/index.php\/wp-json\/wp\/v2\/product_brand?post=2356"},{"taxonomy":"product_cat","embeddable":true,"href":"https:\/\/france-empires.com\/index.php\/wp-json\/wp\/v2\/product_cat?post=2356"},{"taxonomy":"product_tag","embeddable":true,"href":"https:\/\/france-empires.com\/index.php\/wp-json\/wp\/v2\/product_tag?post=2356"}],"curies":[{"name":"wp","href":"https:\/\/api.w.org\/{rel}","templated":true}]}}