{"id":2385,"date":"2023-03-12T19:47:46","date_gmt":"2023-03-12T18:47:46","guid":{"rendered":"https:\/\/france-empires.com\/?post_type=product&#038;p=2385"},"modified":"2024-05-16T22:29:16","modified_gmt":"2024-05-16T20:29:16","slug":"cocarde-de-chapeau-de-postillon","status":"publish","type":"product","link":"https:\/\/france-empires.com\/index.php\/produit\/cocarde-de-chapeau-de-postillon\/","title":{"rendered":"Cocarde de chapeau de postillon"},"content":{"rendered":"<p>Tr\u00e8s belle cocarde, souvent attribu\u00e9e aux postillons.<\/p>\n<p>Peut-\u00eatre utilis\u00e9e pour d&rsquo;autres types de coiffures.<\/p>\n<p>Parfait \u00e9tat.<\/p>\n","protected":false},"excerpt":{"rendered":"<p>Tr\u00e8s belle cocarde, souvent attribu\u00e9e aux postillons. Peut-\u00eatre utilis\u00e9e pour d&rsquo;autres types de coiffures. Parfait \u00e9tat.<\/p>\n","protected":false},"featured_media":2386,"template":"","meta":[],"product_brand":[],"product_cat":[46,24],"product_tag":[],"class_list":{"0":"post-2385","1":"product","2":"type-product","3":"status-publish","4":"has-post-thumbnail","6":"product_cat-accessoires-et-pieces-detachees-de-coiffures","7":"product_cat-uniformes-et-coiffures","8":"pa_statut-vendu","10":"first","11":"outofstock","12":"product-type-simple"},"_links":{"self":[{"href":"https:\/\/france-empires.com\/index.php\/wp-json\/wp\/v2\/product\/2385","targetHints":{"allow":["GET"]}}],"collection":[{"href":"https:\/\/france-empires.com\/index.php\/wp-json\/wp\/v2\/product"}],"about":[{"href":"https:\/\/france-empires.com\/index.php\/wp-json\/wp\/v2\/types\/product"}],"wp:featuredmedia":[{"embeddable":true,"href":"https:\/\/france-empires.com\/index.php\/wp-json\/wp\/v2\/media\/2386"}],"wp:attachment":[{"href":"https:\/\/france-empires.com\/index.php\/wp-json\/wp\/v2\/media?parent=2385"}],"wp:term":[{"taxonomy":"product_brand","embeddable":true,"href":"https:\/\/france-empires.com\/index.php\/wp-json\/wp\/v2\/product_brand?post=2385"},{"taxonomy":"product_cat","embeddable":true,"href":"https:\/\/france-empires.com\/index.php\/wp-json\/wp\/v2\/product_cat?post=2385"},{"taxonomy":"product_tag","embeddable":true,"href":"https:\/\/france-empires.com\/index.php\/wp-json\/wp\/v2\/product_tag?post=2385"}],"curies":[{"name":"wp","href":"https:\/\/api.w.org\/{rel}","templated":true}]}}