{"id":2430,"date":"2023-03-12T22:48:51","date_gmt":"2023-03-12T21:48:51","guid":{"rendered":"https:\/\/france-empires.com\/?post_type=product&#038;p=2430"},"modified":"2023-04-04T22:26:23","modified_gmt":"2023-04-04T20:26:23","slug":"briquet-en-forme-de-livre-artisanat-de-tranchee","status":"publish","type":"product","link":"https:\/\/france-empires.com\/index.php\/produit\/briquet-en-forme-de-livre-artisanat-de-tranchee\/","title":{"rendered":"Briquet en forme de livre, \u00ab\u00a0artisanat de tranch\u00e9e\u00a0\u00bb"},"content":{"rendered":"<p>Briquet dans un \u00e9tui en forme de livre, en cuivre et laiton.<\/p>\n<p>Il est \u00e9crit Suresnes 1914-1916 et E. Marche d&rsquo;un cot\u00e9, et un monogramme EM de l&rsquo;autre<\/p>\n","protected":false},"excerpt":{"rendered":"<p>Briquet dans un \u00e9tui en forme de livre, en cuivre et laiton. Il est \u00e9crit Suresnes 1914-1916 et E. Marche d&rsquo;un cot\u00e9, et un monogramme EM de l&rsquo;autre<\/p>\n","protected":false},"featured_media":2424,"template":"","meta":[],"product_brand":[],"product_cat":[28],"product_tag":[],"class_list":{"0":"post-2430","1":"product","2":"type-product","3":"status-publish","4":"has-post-thumbnail","6":"product_cat-antiquites-et-autres-collections","7":"pa_statut-vendu","9":"first","10":"outofstock","11":"product-type-simple"},"_links":{"self":[{"href":"https:\/\/france-empires.com\/index.php\/wp-json\/wp\/v2\/product\/2430","targetHints":{"allow":["GET"]}}],"collection":[{"href":"https:\/\/france-empires.com\/index.php\/wp-json\/wp\/v2\/product"}],"about":[{"href":"https:\/\/france-empires.com\/index.php\/wp-json\/wp\/v2\/types\/product"}],"wp:featuredmedia":[{"embeddable":true,"href":"https:\/\/france-empires.com\/index.php\/wp-json\/wp\/v2\/media\/2424"}],"wp:attachment":[{"href":"https:\/\/france-empires.com\/index.php\/wp-json\/wp\/v2\/media?parent=2430"}],"wp:term":[{"taxonomy":"product_brand","embeddable":true,"href":"https:\/\/france-empires.com\/index.php\/wp-json\/wp\/v2\/product_brand?post=2430"},{"taxonomy":"product_cat","embeddable":true,"href":"https:\/\/france-empires.com\/index.php\/wp-json\/wp\/v2\/product_cat?post=2430"},{"taxonomy":"product_tag","embeddable":true,"href":"https:\/\/france-empires.com\/index.php\/wp-json\/wp\/v2\/product_tag?post=2430"}],"curies":[{"name":"wp","href":"https:\/\/api.w.org\/{rel}","templated":true}]}}