{"id":2457,"date":"2023-03-13T00:13:26","date_gmt":"2023-03-12T23:13:26","guid":{"rendered":"https:\/\/france-empires.com\/?post_type=product&#038;p=2457"},"modified":"2023-04-28T21:53:11","modified_gmt":"2023-04-28T19:53:11","slug":"casque-usm1-avec-insigne-de-sergent","status":"publish","type":"product","link":"https:\/\/france-empires.com\/index.php\/produit\/casque-usm1-avec-insigne-de-sergent\/","title":{"rendered":"Casque USM1 avec insigne de sergent"},"content":{"rendered":"<p>Casque USM1 lourd pattes fixes et jonc avant.<\/p>\n<p>Insigne peint sur le devant de technical sergeant (sur un ancien grade de caporal). Bande blanche arri\u00e8re mais peu visible.<\/p>\n<p>Liner en mauvais \u00e9tat sans int\u00e9rieur. peinture bandes blanches ind\u00e9termin\u00e9e (?)<\/p>\n<p>Filet mont\u00e9 d&rsquo;origine petites mailles.<\/p>\n<p>La jugulaire du lourd est une jugulaire de casque anglais ! (mauvais \u00e9tat)<\/p>\n","protected":false},"excerpt":{"rendered":"<p>Casque USM1 lourd pattes fixes et jonc avant. Insigne peint sur le devant de technical sergeant (sur un ancien grade de caporal). Bande blanche arri\u00e8re mais peu visible. Liner en mauvais \u00e9tat sans int\u00e9rieur. peinture bandes blanches ind\u00e9termin\u00e9e (?) Filet mont\u00e9 d&rsquo;origine petites mailles. La jugulaire du lourd est une jugulaire&hellip;<\/p>\n","protected":false},"featured_media":2459,"template":"","meta":[],"product_brand":[],"product_cat":[45,24],"product_tag":[],"class_list":{"0":"post-2457","1":"product","2":"type-product","3":"status-publish","4":"has-post-thumbnail","6":"product_cat-coiffures-casques-kepis-shakos-etc","7":"product_cat-uniformes-et-coiffures","8":"pa_statut-disponible","10":"first","11":"outofstock","12":"product-type-simple"},"_links":{"self":[{"href":"https:\/\/france-empires.com\/index.php\/wp-json\/wp\/v2\/product\/2457","targetHints":{"allow":["GET"]}}],"collection":[{"href":"https:\/\/france-empires.com\/index.php\/wp-json\/wp\/v2\/product"}],"about":[{"href":"https:\/\/france-empires.com\/index.php\/wp-json\/wp\/v2\/types\/product"}],"wp:featuredmedia":[{"embeddable":true,"href":"https:\/\/france-empires.com\/index.php\/wp-json\/wp\/v2\/media\/2459"}],"wp:attachment":[{"href":"https:\/\/france-empires.com\/index.php\/wp-json\/wp\/v2\/media?parent=2457"}],"wp:term":[{"taxonomy":"product_brand","embeddable":true,"href":"https:\/\/france-empires.com\/index.php\/wp-json\/wp\/v2\/product_brand?post=2457"},{"taxonomy":"product_cat","embeddable":true,"href":"https:\/\/france-empires.com\/index.php\/wp-json\/wp\/v2\/product_cat?post=2457"},{"taxonomy":"product_tag","embeddable":true,"href":"https:\/\/france-empires.com\/index.php\/wp-json\/wp\/v2\/product_tag?post=2457"}],"curies":[{"name":"wp","href":"https:\/\/api.w.org\/{rel}","templated":true}]}}