{"id":2502,"date":"2023-03-13T00:56:50","date_gmt":"2023-03-12T23:56:50","guid":{"rendered":"https:\/\/france-empires.com\/?post_type=product&#038;p=2502"},"modified":"2023-04-28T21:55:11","modified_gmt":"2023-04-28T19:55:11","slug":"paire-de-jugulaires-de-casque-de-cuirassier-ou-dragon-modele-1872-74","status":"publish","type":"product","link":"https:\/\/france-empires.com\/index.php\/produit\/paire-de-jugulaires-de-casque-de-cuirassier-ou-dragon-modele-1872-74\/","title":{"rendered":"Paire de jugulaires de casque de cuirassier ou dragon mod\u00e8le 1872-74"},"content":{"rendered":"<p>Jugulaires de bonne pr\u00e9sentation.<\/p>\n<p>A noter deux d\u00e9fauts: la patte de fermeture est cass\u00e9e (mais pr\u00e9sente) et devrait \u00eatre refix\u00e9e, une des jugulaires n&rsquo;a plus son cuir de doublure.<\/p>\n<p>&nbsp;<\/p>\n","protected":false},"excerpt":{"rendered":"<p>Jugulaires de bonne pr\u00e9sentation. A noter deux d\u00e9fauts: la patte de fermeture est cass\u00e9e (mais pr\u00e9sente) et devrait \u00eatre refix\u00e9e, une des jugulaires n&rsquo;a plus son cuir de doublure. &nbsp;<\/p>\n","protected":false},"featured_media":2503,"template":"","meta":[],"product_brand":[],"product_cat":[46,24],"product_tag":[],"class_list":{"0":"post-2502","1":"product","2":"type-product","3":"status-publish","4":"has-post-thumbnail","6":"product_cat-accessoires-et-pieces-detachees-de-coiffures","7":"product_cat-uniformes-et-coiffures","8":"pa_statut-disponible","10":"first","11":"outofstock","12":"product-type-simple"},"_links":{"self":[{"href":"https:\/\/france-empires.com\/index.php\/wp-json\/wp\/v2\/product\/2502","targetHints":{"allow":["GET"]}}],"collection":[{"href":"https:\/\/france-empires.com\/index.php\/wp-json\/wp\/v2\/product"}],"about":[{"href":"https:\/\/france-empires.com\/index.php\/wp-json\/wp\/v2\/types\/product"}],"wp:featuredmedia":[{"embeddable":true,"href":"https:\/\/france-empires.com\/index.php\/wp-json\/wp\/v2\/media\/2503"}],"wp:attachment":[{"href":"https:\/\/france-empires.com\/index.php\/wp-json\/wp\/v2\/media?parent=2502"}],"wp:term":[{"taxonomy":"product_brand","embeddable":true,"href":"https:\/\/france-empires.com\/index.php\/wp-json\/wp\/v2\/product_brand?post=2502"},{"taxonomy":"product_cat","embeddable":true,"href":"https:\/\/france-empires.com\/index.php\/wp-json\/wp\/v2\/product_cat?post=2502"},{"taxonomy":"product_tag","embeddable":true,"href":"https:\/\/france-empires.com\/index.php\/wp-json\/wp\/v2\/product_tag?post=2502"}],"curies":[{"name":"wp","href":"https:\/\/api.w.org\/{rel}","templated":true}]}}